{"id":1563,"date":"2025-11-05T12:46:31","date_gmt":"2025-11-05T09:46:31","guid":{"rendered":"https:\/\/yogunbakim2025.org\/?page_id=1563"},"modified":"2026-01-16T10:07:22","modified_gmt":"2026-01-16T07:07:22","slug":"poster-programi","status":"publish","type":"page","link":"https:\/\/yogunbakim2025.org\/en\/poster-programi\/","title":{"rendered":"Poster Program\u0131"},"content":{"rendered":"<style>\n\t\thr{border: #8E8E8E solid 0.3px;}\n\t\t\n\ttable.program2 { color:#333333;\tline-height: 1.3 !important;}\ntable.program2 th {\n    padding: 10px;\n    font-size: 14px;\n    background: #2F0445;\n    color: #fff;\n}\ntable.program2 td { vertical-align: top;\n\t\n\tpadding: 5px;\n\tborder-bottom:#8C8C8C 0.0005em solid;\n    border-right:#8C8C8C 0.0005em solid;\n\t\n}\t\n\t\t\n            .session {background-color: #DBC9EC; font-weight: 900; line-height: 1.5;}\n            .session-alt {background-color: #F2EAFA;}\n            .workshop {background-color: #B1CBCD; font-weight: 900; line-height: 1.5;}\n            .workshop-alt {background-color: #D9E5E6;}\n            .oral {background-color: #B8DBB5; font-weight: 900; line-height: 1.5;}\n            .oral-alt {background-color: #D3E8D1;}\n            \n\n\t\t.halla { background-color: #532090; font-weight: bold; color: white; text-align: center }\n\t\t.hallb { background-color: #6627B1; font-weight: bold; color: white; text-align: center }\n        .hallc { background-color: #8542D5; font-weight: bold; color: white; text-align: center }\n        .halld { background-color: #9B64DC; font-weight: bold; color: white; text-align: center }\n\t\t.break { background: #C7C7C7;   }\n            .saatkucuk {font-size: 11pt; text-align: right; font-weight: bold;}\n\t\t.session-alt {background-color: #F2EAFA;}\n\n\t\t.opening { background: #ECB7B7; }\n\n\t\t.industry { background: #FFFA8F;  }\n\t\t\t.name {font-weight: 800; font-style: italic; color: #2C2C2C}\n\t.genc {background-color: #F6D087; font-weight: 700;}\n\n\t\t\n    \t\n\n\n\n.name1 {font-weight: 800; font-style: italic; color: #2C2C2C}\n.name1 {font-weight: 800; font-style: italic; color: #2C2C2C}\n<\/style>\n\n\n<!-- 21 Kas\u0131m -->\n\n<div style=\"overflow: auto;\">\n  <table border=\"0\" cellpadding=\"0\" cellspacing=\"0\" class=\"program2\">\n    <tr>\n      <th nowrap=\"nowrap\" ><strong>Poster No<\/strong><\/th>\n      <th nowrap=\"nowrap\" ><strong>AbsRef<\/strong><\/th>\n      <th ><strong>Title<\/strong><\/th>\n      <th ><strong>Presenter<\/strong><\/th>\n    <\/tr>\n    <tr>\n      <td nowrap=\"nowrap\" >PS-05<\/td>\n      <td nowrap=\"nowrap\" >10<\/td>\n      <td >Prospective   Evaluation of Outcomes in Patients with Central Venous Catheters Inserted in   the Intensive Care Unit<\/td>\n      <td >Recep Civan   Y\u00fcksel<\/td>\n    <\/tr>\n    <tr>\n      <td nowrap=\"nowrap\" >PS-06<\/td>\n      <td nowrap=\"nowrap\" >18<\/td>\n      <td >Yo\u011fun Bak\u0131m   Hastalar\u0131nda Psoas Kas Alan\u0131na G\u00f6re Sarkopeni Tespiti ve Masseter Kas Alan\u0131   ile \u0130li\u015fkisi<\/td>\n      <td >Onur G\u00f6k\u00e7e<\/td>\n    <\/tr>\n    <tr>\n      <td nowrap=\"nowrap\" >PS-07<\/td>\n      <td nowrap=\"nowrap\" >20<\/td>\n      <td >Subterap\u00f6tik   D\u00fczeylerden Supraterap\u00f6tik D\u00fczeylere Valproik Asitin Yolculu\u011fu; Su\u00e7lu   Meropenem; Kurtar\u0131c\u0131 Albumine G\u00f6re D\u00fczeltilmi\u015f Form\u00fcl m\u00fc?<\/td>\n      <td >\u015eeyda   Benligil<\/td>\n    <\/tr>\n    <tr>\n      <td nowrap=\"nowrap\" >PS-09<\/td>\n      <td nowrap=\"nowrap\" >22<\/td>\n      <td >Yo\u011fun bak\u0131m hastalar\u0131nda   hipervolemi ve mortalite ili\u015fkisi: Tek merkez verileri<\/td>\n      <td >Nilg\u00fcn Sava\u015f<\/td>\n    <\/tr>\n    <tr>\n      <td nowrap=\"nowrap\" >PS-10<\/td>\n      <td nowrap=\"nowrap\" >23<\/td>\n      <td >Yo\u011fun   bak\u0131mda takip edilen bir hastada nadir bir tan\u0131: Cruetzfeld Jakob Hastal\u0131\u011f\u0131<\/td>\n      <td >Nilg\u00fcn Sava\u015f<\/td>\n    <\/tr>\n    <tr>\n      <td nowrap=\"nowrap\" >PS-15<\/td>\n      <td nowrap=\"nowrap\" >34<\/td>\n      <td >De Ritis   Oran\u0131 COVID-19 Hastalar\u0131nda Potansiyel Bir Prognostik Fakt\u00f6r m\u00fcd\u00fcr?<\/td>\n      <td >Ay\u015fenur U\u00e7ar<\/td>\n    <\/tr>\n    <tr>\n      <td nowrap=\"nowrap\" >PS-16<\/td>\n      <td nowrap=\"nowrap\" >35<\/td>\n      <td >Fiberoptik   Bronkoskopinin Yo\u011fun Bak\u0131mda Solunum Mekanikleri, Hemodinami Ve   Oksijenizasyon \u00dczerine Etkisi: G\u00f6zlemsel Kohort \u00c7al\u0131\u015fmas\u0131<\/td>\n      <td >M\u00fcge Aydo\u011fdu<\/td>\n    <\/tr>\n    <tr>\n      <td nowrap=\"nowrap\" >PS-18<\/td>\n      <td nowrap=\"nowrap\" >37<\/td>\n      <td >Nefrostomi   i\u015flemi s\u0131ras\u0131nda prilokain uygulamas\u0131 ile geli\u015fen methemoglobinemi ve   askorbik asit ile tedavisi<\/td>\n      <td >Birhan   \u00c7etiner<\/td>\n    <\/tr>\n    <tr>\n      <td nowrap=\"nowrap\" >PS-19<\/td>\n      <td nowrap=\"nowrap\" >39<\/td>\n      <td >Tiroidektomi   Sonras\u0131 Geli\u015fen Bilateral Vokal Kord Paralizisine Ba\u011fl\u0131 Aspirasyon Pn\u00f6monisi:   Olgu Sunumu<\/td>\n      <td >Ahmet Altun<\/td>\n    <\/tr>\n    <tr>\n      <td nowrap=\"nowrap\" >PS-20<\/td>\n      <td nowrap=\"nowrap\" >41<\/td>\n      <td >Methemoglobineminin   Farkl\u0131 Klinik Yans\u0131malar\u0131: \u0130ki olgu sunumu<\/td>\n      <td >Hilal   Sipahio\u011flu<\/td>\n    <\/tr>\n    <tr>\n      <td nowrap=\"nowrap\" >PS-22<\/td>\n      <td nowrap=\"nowrap\" >48<\/td>\n      <td >B\u00f6brek Nakli   Sonras\u0131 Elektrolit Bozuklu\u011funa Ba\u011fl\u0131 Kardiyak Arrest Vakas\u0131<\/td>\n      <td >Ya\u011f\u0131z Ka\u011fan Erg\u00fcn<\/td>\n    <\/tr>\n    <tr>\n      <td nowrap=\"nowrap\" >PS-23<\/td>\n      <td nowrap=\"nowrap\" >51<\/td>\n      <td >Yo\u011fun Bak\u0131m   \u00dcnitesinde Kan K\u00fclt\u00fcr\u00fcnde {Candida} T\u00fcrleri \u0130zole Edilen Hastalar\u0131n   Retrospektif Analizi<\/td>\n      <td >Sena Alkan<\/td>\n    <\/tr>\n    <tr>\n      <td nowrap=\"nowrap\" >PS-24<\/td>\n      <td nowrap=\"nowrap\" >52<\/td>\n      <td >Yo\u011fun Bak\u0131m   \u00dcnitesinde H\u0131zla \u0130lerleyen Mitral ve Aort Kapak Endokarditi: Olgu Sunumu<\/td>\n      <td >Berna Demir<\/td>\n    <\/tr>\n   \n    <tr>\n      <td nowrap=\"nowrap\" >PS-27<\/td>\n      <td nowrap=\"nowrap\" >59<\/td>\n      <td >Yo\u011fun   Bak\u0131mda Nadir Bir Olgu: Renal Transplant Sonras\u0131 Tiroid ve Trakeobron\u015fiyal   Mukormikozis<\/td>\n      <td >Mustafa   Alkan<\/td>\n    <\/tr>\n    <tr>\n      <td nowrap=\"nowrap\" >PS-28<\/td>\n      <td nowrap=\"nowrap\" >60<\/td>\n      <td >RDW\/Hematocrit   Ratio as a Prognostic Marker of Mortality and ICU Stay in Acute Exacerbations   of COPD<\/td>\n      <td >Dursun Elmas<\/td>\n    <\/tr>\n    <tr>\n      <td nowrap=\"nowrap\" >PS-29<\/td>\n      <td nowrap=\"nowrap\" >61<\/td>\n      <td >Masif   Hemat\u00fcri ile Yo\u011fun Bak\u0131m Takibi Gerektiren AL Amiloidoz: Olgu Sunumu<\/td>\n      <td >Utku   Albayrak<\/td>\n    <\/tr>\n    <tr>\n      <td nowrap=\"nowrap\" >PS-30<\/td>\n      <td nowrap=\"nowrap\" >66<\/td>\n      <td >Anti\u0307koag\u00fclan   tedavi\u0307 alt\u0131nda geli\u0307\u015fen masi\u0307f gi\u0307s kanamas\u0131: multi\u0307di\u0307si\u0307pli\u0307ner yakla\u015f\u0131mla   y\u00f6neti\u0307len bi\u0307r olgu<\/td>\n      <td >Asl\u0131han   Dilci<\/td>\n    <\/tr>\n    <tr>\n      <td nowrap=\"nowrap\" >PS-31<\/td>\n      <td nowrap=\"nowrap\" >68<\/td>\n      <td >A\u011f\u0131r ARDS   ile seyreden ara\u00e7i\u00e7i trafik kazas\u0131 ve bo\u011fulma olgusu<\/td>\n      <td >Mehmet Turan   G\u00fcm\u00fc\u015f<\/td>\n    <\/tr>\n    <tr>\n      <td nowrap=\"nowrap\" >PS-32<\/td>\n      <td nowrap=\"nowrap\" >70<\/td>\n      <td >Yo\u011fun   Bak\u0131mda HA380 Sitokin Filtresi Uygulanan Hastalarda Vankomisin   Eliminasyonunun De\u011ferlendirilmesi: Olgu Serisi<\/td>\n      <td >Ummuhan   Oguzturk<\/td>\n    <\/tr>\n    <tr>\n      <td nowrap=\"nowrap\" >PS-33<\/td>\n      <td nowrap=\"nowrap\" >71<\/td>\n      <td >Ya\u015fl\u0131 Kritik   Hastalarda Hipomagnezemi Varl\u0131\u011f\u0131 Hasta Sonlan\u0131m\u0131n\u0131 Etkiliyor mu?<\/td>\n      <td >Elif Naz   Ba\u015far\u0131r<\/td>\n    <\/tr>\n    <tr>\n      <td nowrap=\"nowrap\" >PS-34<\/td>\n      <td nowrap=\"nowrap\" >73<\/td>\n      <td >Antipsikotik   ile \u0130li\u015fkili Rabdomiyoliz Vakas\u0131<\/td>\n      <td >Melike Serra   Kumsar<\/td>\n    <\/tr>\n    <tr>\n      <td nowrap=\"nowrap\" >PS-35<\/td>\n      <td nowrap=\"nowrap\" >74<\/td>\n      <td >Anneden K\u0131za   K\u0131r\u0131m Kongo Kanamal\u0131 Ate\u015fi: \u0130kincil Bula\u015f<\/td>\n      <td >Ali \u00c7etinkay<\/td>\n    <\/tr>\n    <tr>\n      <td nowrap=\"nowrap\" >PS-38<\/td>\n      <td nowrap=\"nowrap\" >78<\/td>\n      <td >Sepsiste   De\u011fi\u015fen \u0130la\u00e7 Farmakokineti\u011fi ve Dozlama Y\u00f6nelik Sa\u011fl\u0131k Profesyoneli   Fark\u0131ndal\u0131\u011f\u0131: \u00d6n Bulgular<\/td>\n      <td >Erdem   Yal\u00e7\u0131nkaya<\/td>\n    <\/tr>\n    <tr>\n      <td nowrap=\"nowrap\" >PS-39<\/td>\n      <td nowrap=\"nowrap\" >79<\/td>\n      <td >Vask\u00fcler   Eri\u015fim Sorunlar\u0131na Alternatif Bir Yakla\u015f\u0131m: Transhepatik Hemodiyaliz Katateri<\/td>\n      <td >Muhammed   Emin \u00c7etinkaya<\/td>\n    <\/tr>\n    <tr>\n      <td nowrap=\"nowrap\" >PS-42<\/td>\n      <td nowrap=\"nowrap\" >85<\/td>\n      <td >Gizli kanaman\u0131n pe\u015finde: t\u00fcm giri\u015fimlere ra\u011fmen saklanan ektopik varis<\/td>\n      <td >Canda\u015f Mumcu<\/td>\n    <\/tr>\n    <tr>\n      <td nowrap=\"nowrap\" >PS-46<\/td>\n      <td nowrap=\"nowrap\" >90<\/td>\n      <td >Gen\u00e7lerimizi   bekleyen tehlike: E-sigara ve \u0131s\u0131t\u0131lm\u0131\u015f t\u00fct\u00fcn \u00fcr\u00fcnlerinin kullan\u0131m\u0131yla   ili\u015fkili akci\u011fer hasar\u0131<\/td>\n      <td >Elif Y\u00fcksel   \u00c7if\u00e7i<\/td>\n    <\/tr>\n    <tr>\n      <td nowrap=\"nowrap\" >PS-47<\/td>\n      <td nowrap=\"nowrap\" >91<\/td>\n      <td >Pn\u00f6mosepsis   Sonras\u0131 ARDS Geli\u015fen Hastada ECMO Deste\u011fi ve Hem\u015firelik Yakla\u015f\u0131m\u0131<\/td>\n      <td >Nurhayat   Y\u0131ld\u0131r\u0131m<\/td>\n    <\/tr>\n    <tr>\n      <td nowrap=\"nowrap\" >PS-49<\/td>\n      <td nowrap=\"nowrap\" >93<\/td>\n      <td >Plasmodium   falciparum S\u0131tmas\u0131: Yo\u011fun Bak\u0131mda Hem\u015firelik Bak\u0131m\u0131<\/td>\n      <td >Ahsen Sena   K\u0131ral<\/td>\n    <\/tr>\n    <tr>\n      <td nowrap=\"nowrap\" >PS-50<\/td>\n      <td nowrap=\"nowrap\" >94<\/td>\n      <td >H1N1   Enfeksiyonu Sonras\u0131 Geli\u015fen Hemofagositik Lenfohistiyositozis ve   Miyelodisplastik Sendrom D\u00f6n\u00fc\u015f\u00fcm\u00fc: Yo\u011fun Bak\u0131m Olgusu<\/td>\n      <td >Eyl\u00fcl \u015eevval   Poker<\/td>\n    <\/tr>\n    <tr>\n      <td nowrap=\"nowrap\" >PS-51<\/td>\n      <td nowrap=\"nowrap\" >97<\/td>\n      <td >Anjiyografi   Sonras\u0131 Mesane Hematomu Operasyonu Ard\u0131ndan Geli\u015fen Subkutan Amfizem ve   Pn\u00f6momediastinum: Olgu Sunumu<\/td>\n      <td >Ahmet Altun<\/td>\n    <\/tr>\n    <tr>\n      <td nowrap=\"nowrap\" >PS-52<\/td>\n      <td nowrap=\"nowrap\" >98<\/td>\n      <td >Nadir Bir   Olgu Olan Rokuronyum Direnci Multipl Antipsikotik Kullanan \u015eizofreni Hastas\u0131<\/td>\n      <td >Metin K\u0131l\u0131n\u00e7<\/td>\n    <\/tr>\n    <tr>\n      <td nowrap=\"nowrap\" >PS-53<\/td>\n      <td nowrap=\"nowrap\" >100<\/td>\n      <td >Kronik   B\u00f6brek Hastal\u0131\u011f\u0131 Zemininde Hiponatreminin Ay\u0131r\u0131c\u0131 Tan\u0131s\u0131: Adrenal Yetmezlik<\/td>\n      <td >Firdevs   Gonca \u015ea\u015fal Solmaz<\/td>\n    <\/tr>\n    <tr>\n      <td nowrap=\"nowrap\" >PS-54<\/td>\n      <td nowrap=\"nowrap\" >102<\/td>\n      <td >Kronik   Lenfositik L\u00f6semide \u0130brutinib Tedavisi S\u0131ras\u0131nda Geli\u015fen Santral Sinir   Sistemi Aspergillozu: Nadiren Kar\u015f\u0131la\u015f\u0131lan Bir Komplikasyon<\/td>\n      <td >Batuhan   \u00c7al\u0131\u015fkan<\/td>\n    <\/tr>\n    <tr>\n      <td nowrap=\"nowrap\" >PS-57<\/td>\n      <td nowrap=\"nowrap\" >109<\/td>\n      <td >Yo\u011fun   Bak\u0131mda S\u00fcrekli Renal Replasman Tedavisi Alan Hastalarda Vankomisin   Dozlamas\u0131n\u0131n Optimizasyonu: Pop\u00fclasyon Farmakokinetik \u00c7al\u0131\u015fmalar\u0131n\u0131n   Sistematik Derlemesi<\/td>\n      <td >Nursel   S\u00fcrmelio\u011flu<\/td>\n    <\/tr>\n    <tr>\n      <td nowrap=\"nowrap\" >PS-58<\/td>\n      <td nowrap=\"nowrap\" >110<\/td>\n      <td >Sepsiste   Laktat, Standart Baz Fazlal\u0131\u011f\u0131 (SBE) ve Alaktik Baz Fazlal\u0131\u011f\u0131n\u0131n (ABE)   Prognostik De\u011feri: Yo\u011fun Bak\u0131m Biyobelirte\u00e7lerinin Retrospektif Bir Analizi<\/td>\n      <td >\u00d6zg\u00fcr K\u0131l\u0131\u00e7<\/td>\n    <\/tr>\n    <tr>\n      <td nowrap=\"nowrap\" >PS-60<\/td>\n      <td nowrap=\"nowrap\" >112<\/td>\n      <td >Yo\u011fun   Bak\u0131mda Kapasitabin Kaynakl\u0131 Uzam\u0131\u015f N\u00f6tropeni ve \u00d6l\u00fcm: DPYD Mutasyonunun   Klinik \u00d6nemi<\/td>\n      <td >Mustafa   \u00c7al\u0131\u015fkan<\/td>\n    <\/tr>\n    <tr>\n      <td nowrap=\"nowrap\" >PS-63<\/td>\n      <td nowrap=\"nowrap\" >120<\/td>\n      <td >\u0130leri Ya\u015f   Neisseria Meningitidis Nedenli Menenjit Vakas\u0131<\/td>\n      <td >Ahmet Safa   Kaynar<\/td>\n    <\/tr>\n    <tr>\n      <td nowrap=\"nowrap\" >PS-64<\/td>\n      <td nowrap=\"nowrap\" >121<\/td>\n      <td >Alkol \u00d6yk\u00fcs\u00fc   Olmayan Yo\u011fun Bak\u0131m Hastas\u0131nda Wernike Ensefalopatisi<\/td>\n      <td >Berna Demi\u0307r<\/td>\n    <\/tr>\n    <tr>\n      <td nowrap=\"nowrap\" >PS-65<\/td>\n      <td nowrap=\"nowrap\" >122<\/td>\n      <td >Yo\u011fun Bak\u0131m   \u00dcnitesinde Uygulanan Midline Kateterlerin Klinik Kullan\u0131m\u0131 Pilot \u00c7al\u0131\u015fma<\/td>\n      <td >Ya\u011f\u0131z Ka\u011fan   Erg\u00fcn<\/td>\n    <\/tr>\n    <tr>\n      <td nowrap=\"nowrap\" >PS-66<\/td>\n      <td nowrap=\"nowrap\" >123<\/td>\n      <td >Akut Solunum   Yetmezli\u011fi ile Ent\u00fcbe Takip Edilen Dif\u00fcz B H\u00fccreli Lenfoma Olgusunda   Kemoterapinin Sonu\u00e7lar\u0131: Bir Tedavi S\u00fcreci ve Takip Deneyimi<\/td>\n      <td >Naz Kartal   Bilalo\u011flu<\/td>\n    <\/tr>\n    <tr>\n      <td nowrap=\"nowrap\" >PS-68<\/td>\n      <td nowrap=\"nowrap\" >125<\/td>\n      <td >Ciddi   Pankreatitte Ekstrakorporeal Tedavi Modalitelerinin Rol\u00fc<\/td>\n      <td >Kamil Deveci<\/td>\n    <\/tr>\n    <tr>\n      <td nowrap=\"nowrap\" >PS-69<\/td>\n      <td nowrap=\"nowrap\" >127<\/td>\n      <td >Sepsis   Zemininde Sekonder HLH\/MAS: Erken Tan\u0131 ve \u0130mm\u00fcnmod\u00fclasyonun \u00d6nemi<\/td>\n      <td >Kamil Deveci<\/td>\n    <\/tr>\n    <tr>\n      <td nowrap=\"nowrap\" >PS-70<\/td>\n      <td nowrap=\"nowrap\" >128<\/td>\n      <td >Uzam\u0131\u015f   Weaningte Hasta Y\u00f6netimi<\/td>\n      <td >Kamil Deveci<\/td>\n    <\/tr>\n    <tr>\n      <td nowrap=\"nowrap\" >PS-71<\/td>\n      <td nowrap=\"nowrap\" >129<\/td>\n      <td >Karbonmonoksit   Zehirlenmesi Sonras\u0131 Sessiz Tehdit: Serebrovask\u00fcler iskemi<\/td>\n      <td >Ahmet Altun<\/td>\n    <\/tr>\n    <tr>\n      <td nowrap=\"nowrap\" >PS-72<\/td>\n      <td nowrap=\"nowrap\" >130<\/td>\n      <td >Gebeli\u011fin   \u00d6nemli Komplikasyonlar\u0131ndan; Postpartum Eklamsiye Sekonder Subaraknoid Kanama   Olgu Sunumu<\/td>\n      <td >Dilan Aktan<\/td>\n    <\/tr>\n    <tr>\n      <td nowrap=\"nowrap\" >PS-74<\/td>\n      <td nowrap=\"nowrap\" >132<\/td>\n      <td >Obeziteye   Ba\u011fl\u0131 Farmakokinetik De\u011fi\u015fiklikler ve Doz Ayarlamalar\u0131 Konusunda Sa\u011fl\u0131k   Profesyonellerinin Fark\u0131ndal\u0131\u011f\u0131n\u0131n De\u011ferlendirilmesi: Uluslararas\u0131 Bir   \u00c7al\u0131\u015fman\u0131n \u00d6n Bulgular\u0131<\/td>\n      <td >Erdem   Yal\u00e7\u0131nkaya<\/td>\n    <\/tr>\n    <tr>\n      <td nowrap=\"nowrap\" >PS-75<\/td>\n      <td nowrap=\"nowrap\" >134<\/td>\n      <td >Metilmalonik   Asidemi&#8217;de CRRT Olgu Sunumu<\/td>\n      <td >Rafi   Giri\u015fken<\/td>\n    <\/tr>\n    <tr>\n      <td nowrap=\"nowrap\" >PS-76<\/td>\n      <td nowrap=\"nowrap\" >136<\/td>\n      <td >Kontrast   Madde Uygulanan Miyokard \u0130nfarkt\u00fcs\u00fc Ge\u00e7iren Tiroid F\u0131rt\u0131nas\u0131 Olgusu<\/td>\n      <td >Emi\u0307n Can   Yelmaz<\/td>\n    <\/tr>\n    <tr>\n      <td nowrap=\"nowrap\" >PS-77<\/td>\n      <td nowrap=\"nowrap\" >137<\/td>\n      <td >Trakeostomi   sonras\u0131 ge\u00e7 d\u00f6nem nadir komplikasyon: Trakeo\u00f6zofageal fist\u00fcl<\/td>\n      <td >Firdevs   Gonca \u015ea\u015fal Solmaz<\/td>\n    <\/tr>\n    \n    <tr>\n      <td nowrap=\"nowrap\" >PS-79<\/td>\n      <td nowrap=\"nowrap\" >139<\/td>\n      <td >Ya\u015fl\u0131 kritik   hastalarda disnatremi s\u0131kl\u0131\u011f\u0131 ve etkileri<\/td>\n      <td >Zeynep   B\u00fcy\u00fckmert<\/td>\n    <\/tr>\n    <tr>\n      <td nowrap=\"nowrap\" >PS-80<\/td>\n      <td nowrap=\"nowrap\" >140<\/td>\n      <td >Metformin   \u0130li\u015fkili Laktik Asidoz: Bir Olgu Sunumu<\/td>\n      <td >\u015eeyda Nur Ertosun<\/td>\n    <\/tr>\n    <tr>\n      <td nowrap=\"nowrap\" >PS-82<\/td>\n      <td nowrap=\"nowrap\" >143<\/td>\n      <td >Yo\u011fun Bak\u0131m Hastalar\u0131nda   LDH\/Alb\u00fcmin ve CRP\/Alb\u00fcmin Oranlar\u0131n\u0131n Pn\u00f6moni, Sepsis ve Mortalite ile   \u0130li\u015fkisi: Retrospektif Kohort \u00c7al\u0131\u015fma<\/td>\n      <td >Bar\u0131\u015f Y\u0131lmaz<\/td>\n    <\/tr>\n    <tr>\n      <td nowrap=\"nowrap\" >PS-83<\/td>\n      <td nowrap=\"nowrap\" >146<\/td>\n      <td >The Role of   Inflammatory Biomarkers and Clinical Scores in Predicting ICU Mortality in   Elderly Patients with Pneumonia<\/td>\n      <td >Ali Osman   Ta\u015f<\/td>\n    <\/tr>\n    <tr>\n      <td nowrap=\"nowrap\" >PS-84<\/td>\n      <td nowrap=\"nowrap\" >147<\/td>\n      <td >Yo\u011fun   Bak\u0131mda Candida Auris Olgu Serisi: D\u00f6rt Olguluk Deneyim<\/td>\n      <td >Berna Demir<\/td>\n    <\/tr>\n    <tr>\n      <td nowrap=\"nowrap\" >PS-85<\/td>\n      <td nowrap=\"nowrap\" >148<\/td>\n      <td >Status   Epilepticus and Traumatic Intracranial Hemorrhage caused by   Legionella-Associated Profound Hyponatremia: A case report<\/td>\n      <td >Yi\u011fit Ki\u0307ran<\/td>\n    <\/tr>\n    <tr>\n      <td nowrap=\"nowrap\" >PS-86<\/td>\n      <td nowrap=\"nowrap\" >149<\/td>\n      <td >A\u015f\u0131r\u0131   Prokalsitonin Y\u00fcksekli\u011fi ile Birlikte Seyreden Hemofagositik Lenfohistiositoz   Olgusu<\/td>\n      <td >Kamil \u0130nci<\/td>\n    <\/tr>\n    <tr>\n      <td nowrap=\"nowrap\" >PS-87<\/td>\n      <td nowrap=\"nowrap\" >150<\/td>\n      <td >Deksmedetomidin   ili\u015fkili diren\u00e7li bir hiperkalemi vakas\u0131<\/td>\n      <td >Gizem \u00c7ifter<\/td>\n    <\/tr>\n    <tr>\n      <td nowrap=\"nowrap\" >PS-88<\/td>\n      <td nowrap=\"nowrap\" >151<\/td>\n      <td >Sol   S\u00fcperiyor Vena Kava Varyasyonu: Santral Kateter Malpozisyonunun Nadir Nedeni<\/td>\n      <td >Sena Boyraz<\/td>\n    <\/tr>\n    <tr>\n      <td nowrap=\"nowrap\" >PS-89<\/td>\n      <td nowrap=\"nowrap\" >152<\/td>\n      <td >Gaz\u0131n Nefesi, Damar\u0131n Sessizli\u011fi: Protein C Eksikli\u011fi Olgusunda Pn\u00f6moniye Sekonder Pulmoner Hipertansiyonda Nitrik Oksit Deneyimi<\/td>\n      <td >Feride Aslanca<\/td>\n    <\/tr>\n    <tr>\n      <td nowrap=\"nowrap\" >PS-90<\/td>\n      <td nowrap=\"nowrap\" >153<\/td>\n      <td >Yo\u011fun Bak\u0131m   Rotasyonu s\u0131ras\u0131nda verilen formal teorik e\u011fitimin i\u00e7 hastal\u0131klar\u0131   asistanlar\u0131n\u0131n bilgi d\u00fczeyine etkisi: \u00d6n Test ve Son Test Kar\u015f\u0131la\u015ft\u0131rmal\u0131 Bir   \u00c7al\u0131\u015fma \u2013 \u00d6n Sonu\u00e7lar<\/td>\n      <td >Bu\u011fra   Aykenar<\/td>\n    <\/tr>\n    <tr>\n      <td nowrap=\"nowrap\" >PS-91<\/td>\n      <td nowrap=\"nowrap\" >154<\/td>\n      <td >Organofosfat   Zehirlenmesi: Uzam\u0131\u015f Atropin Tedavisi Gerektiren Bir Olgu<\/td>\n      <td >Kadir   Demirkutlu<\/td>\n    <\/tr>\n    <tr>\n      <td nowrap=\"nowrap\" >PS-92<\/td>\n      <td nowrap=\"nowrap\" >155<\/td>\n      <td >Y\u00fcksek Doz Kol\u015fisin Zehirlenmesinde Ya\u015fam Kurtaran Yakla\u015f\u0131m: Terap\u00f6tik Aferez Deneyimi<\/td>\n      <td >Naciye Nur Tozluklu<\/td>\n    <\/tr>\n    <tr>\n      <td nowrap=\"nowrap\" >PS-93<\/td>\n      <td nowrap=\"nowrap\" >156<\/td>\n      <td >Yo\u011fun Bak\u0131m   Hastalar\u0131nda CRP\/Prealbumin Oran\u0131n\u0131n Yo\u011fun Bak\u0131mda \u0130kincil Enfeksiyonlar ile   \u0130li\u015fkisi: Retrospektif Bir \u00c7al\u0131\u015fma<\/td>\n      <td >Sema Ak\u00e7am<\/td>\n    <\/tr>\n  <\/table>\n<\/div>\n\n<!-- 22 Kas\u0131m --><!-- 23 Kas\u0131m --><!-- 24 Kas\u0131m -->","protected":false},"excerpt":{"rendered":"<p>Poster No AbsRef Title Presenter PS-05 10 Prospective Evaluation of Outcomes in Patients with Central Venous Catheters Inserted in the Intensive Care Unit Recep Civan Y\u00fcksel PS-06 18 Yo\u011fun Bak\u0131m Hastalar\u0131nda Psoas Kas Alan\u0131na G\u00f6re Sarkopeni Tespiti ve Masseter Kas Alan\u0131 ile \u0130li\u015fkisi Onur G\u00f6k\u00e7e PS-07 20 Subterap\u00f6tik D\u00fczeylerden Supraterap\u00f6tik D\u00fczeylere Valproik Asitin Yolculu\u011fu; Su\u00e7lu [&hellip;]<\/p>","protected":false},"author":1,"featured_media":0,"parent":0,"menu_order":0,"comment_status":"closed","ping_status":"closed","template":"","meta":{"footnotes":""},"class_list":["post-1563","page","type-page","status-publish","hentry"],"blocksy_meta":[],"_links":{"self":[{"href":"https:\/\/yogunbakim2025.org\/en\/wp-json\/wp\/v2\/pages\/1563","targetHints":{"allow":["GET"]}}],"collection":[{"href":"https:\/\/yogunbakim2025.org\/en\/wp-json\/wp\/v2\/pages"}],"about":[{"href":"https:\/\/yogunbakim2025.org\/en\/wp-json\/wp\/v2\/types\/page"}],"author":[{"embeddable":true,"href":"https:\/\/yogunbakim2025.org\/en\/wp-json\/wp\/v2\/users\/1"}],"replies":[{"embeddable":true,"href":"https:\/\/yogunbakim2025.org\/en\/wp-json\/wp\/v2\/comments?post=1563"}],"version-history":[{"count":5,"href":"https:\/\/yogunbakim2025.org\/en\/wp-json\/wp\/v2\/pages\/1563\/revisions"}],"predecessor-version":[{"id":1676,"href":"https:\/\/yogunbakim2025.org\/en\/wp-json\/wp\/v2\/pages\/1563\/revisions\/1676"}],"wp:attachment":[{"href":"https:\/\/yogunbakim2025.org\/en\/wp-json\/wp\/v2\/media?parent=1563"}],"curies":[{"name":"wp","href":"https:\/\/api.w.org\/{rel}","templated":true}]}}