{"id":20,"date":"2024-01-02T15:37:06","date_gmt":"2024-01-02T12:37:06","guid":{"rendered":"https:\/\/yogunbakim2025.org\/?page_id=20"},"modified":"2026-01-07T20:28:57","modified_gmt":"2026-01-07T17:28:57","slug":"tuyud-21-ulusal-kongresi-2025","status":"publish","type":"page","link":"https:\/\/yogunbakim2025.org\/en\/","title":{"rendered":"T\u00dcYUD 21. Ulusal Kongresi 2025 ve 13. Afro-Avrasya Toplant\u0131s\u0131"},"content":{"rendered":"<div data-elementor-type=\"wp-page\" data-elementor-id=\"20\" class=\"elementor elementor-20\" data-elementor-post-type=\"page\">\n\t\t\t\t<div class=\"elementor-element elementor-element-7b46efe e-con-full e-flex e-con e-parent\" data-id=\"7b46efe\" data-element_type=\"container\" data-settings=\"{&quot;background_background&quot;:&quot;classic&quot;}\">\n\t\t<div class=\"elementor-element elementor-element-5f2ddad e-flex e-con-boxed e-con e-child\" data-id=\"5f2ddad\" data-element_type=\"container\">\n\t\t\t\t\t<div class=\"e-con-inner\">\n\t\t<div class=\"elementor-element elementor-element-af2ad3c e-con-full e-flex e-con e-child\" data-id=\"af2ad3c\" data-element_type=\"container\" data-settings=\"{&quot;background_background&quot;:&quot;gradient&quot;}\">\n\t\t\t\t<div class=\"elementor-element elementor-element-c3cfa3b elementor-widget__width-initial elementor-widget elementor-widget-image\" data-id=\"c3cfa3b\" data-element_type=\"widget\" data-widget_type=\"image.default\">\n\t\t\t\t<div class=\"elementor-widget-container\">\n\t\t\t\t\t\t\t\t\t\t\t\t\t\t\t\t<a href=\"https:\/\/drive.google.com\/file\/d\/1ldFiWwAho_IUs0iMOYyyZ8XokjEEhulS\/view?usp=sharing\" target=\"_blank\">\n\t\t\t\t\t\t\t<img fetchpriority=\"high\" decoding=\"async\" width=\"212\" height=\"300\" src=\"https:\/\/yogunbakim2025.org\/wp-content\/uploads\/2026\/01\/TUYUD-Yogun-Bakim-Kongresi-Bildiri-Kitabi-2025-1-212x300.jpg\" class=\"attachment-medium size-medium wp-image-1666\" alt=\"\" srcset=\"https:\/\/yogunbakim2025.org\/wp-content\/uploads\/2026\/01\/TUYUD-Yogun-Bakim-Kongresi-Bildiri-Kitabi-2025-1-212x300.jpg 212w, https:\/\/yogunbakim2025.org\/wp-content\/uploads\/2026\/01\/TUYUD-Yogun-Bakim-Kongresi-Bildiri-Kitabi-2025-1-724x1024.jpg 724w, https:\/\/yogunbakim2025.org\/wp-content\/uploads\/2026\/01\/TUYUD-Yogun-Bakim-Kongresi-Bildiri-Kitabi-2025-1-768x1086.jpg 768w, https:\/\/yogunbakim2025.org\/wp-content\/uploads\/2026\/01\/TUYUD-Yogun-Bakim-Kongresi-Bildiri-Kitabi-2025-1-8x12.jpg 8w, https:\/\/yogunbakim2025.org\/wp-content\/uploads\/2026\/01\/TUYUD-Yogun-Bakim-Kongresi-Bildiri-Kitabi-2025-1.jpg 827w\" sizes=\"(max-width: 212px) 100vw, 212px\" \/>\t\t\t\t\t\t\t\t<\/a>\n\t\t\t\t\t\t\t\t\t\t\t\t\t\t\t<\/div>\n\t\t\t\t<\/div>\n\t\t\t\t<div class=\"elementor-element elementor-element-34b1cd3 elementor-widget elementor-widget-heading\" data-id=\"34b1cd3\" data-element_type=\"widget\" data-widget_type=\"heading.default\">\n\t\t\t\t<div class=\"elementor-widget-container\">\n\t\t\t\t\t<h2 class=\"elementor-heading-title elementor-size-default\">Bildiri kitab\u0131 yay\u0131mland\u0131!<\/h2>\t\t\t\t<\/div>\n\t\t\t\t<\/div>\n\t\t\t\t<div class=\"elementor-element elementor-element-cc74003 elementor-widget elementor-widget-button\" data-id=\"cc74003\" data-element_type=\"widget\" data-widget_type=\"button.default\">\n\t\t\t\t<div class=\"elementor-widget-container\">\n\t\t\t\t\t\t\t\t\t<div class=\"elementor-button-wrapper\">\n\t\t\t\t\t<a class=\"elementor-button elementor-button-link elementor-size-sm\" href=\"https:\/\/drive.google.com\/file\/d\/1ldFiWwAho_IUs0iMOYyyZ8XokjEEhulS\/view?usp=sharing\" target=\"_blank\">\n\t\t\t\t\t\t<span class=\"elementor-button-content-wrapper\">\n\t\t\t\t\t\t<span class=\"elementor-button-icon\">\n\t\t\t\t<svg aria-hidden=\"true\" class=\"e-font-icon-svg e-fas-file-pdf\" viewbox=\"0 0 384 512\" xmlns=\"http:\/\/www.w3.org\/2000\/svg\"><path d=\"M181.9 256.1c-5-16-4.9-46.9-2-46.9 8.4 0 7.6 36.9 2 46.9zm-1.7 47.2c-7.7 20.2-17.3 43.3-28.4 62.7 18.3-7 39-17.2 62.9-21.9-12.7-9.6-24.9-23.4-34.5-40.8zM86.1 428.1c0 .8 13.2-5.4 34.9-40.2-6.7 6.3-29.1 24.5-34.9 40.2zM248 160h136v328c0 13.3-10.7 24-24 24H24c-13.3 0-24-10.7-24-24V24C0 10.7 10.7 0 24 0h200v136c0 13.2 10.8 24 24 24zm-8 171.8c-20-12.2-33.3-29-42.7-53.8 4.5-18.5 11.6-46.6 6.2-64.2-4.7-29.4-42.4-26.5-47.8-6.8-5 18.3-.4 44.1 8.1 77-11.6 27.6-28.7 64.6-40.8 85.8-.1 0-.1.1-.2.1-27.1 13.9-73.6 44.5-54.5 68 5.6 6.9 16 10 21.5 10 17.9 0 35.7-18 61.1-61.8 25.8-8.5 54.1-19.1 79-23.2 21.7 11.8 47.1 19.5 64 19.5 29.2 0 31.2-32 19.7-43.4-13.9-13.6-54.3-9.7-73.6-7.2zM377 105L279 7c-4.5-4.5-10.6-7-17-7h-6v128h128v-6.1c0-6.3-2.5-12.4-7-16.9zm-74.1 255.3c4.1-2.7-2.5-11.9-42.8-9 37.1 15.8 42.8 9 42.8 9z\"><\/path><\/svg>\t\t\t<\/span>\n\t\t\t\t\t\t\t\t\t<span class=\"elementor-button-text\">G\u00f6r\u00fcnt\u00fclemek i\u00e7in t\u0131klay\u0131n\u0131z<\/span>\n\t\t\t\t\t<\/span>\n\t\t\t\t\t<\/a>\n\t\t\t\t<\/div>\n\t\t\t\t\t\t\t\t<\/div>\n\t\t\t\t<\/div>\n\t\t\t\t<\/div>\n\t\t\t\t\t<\/div>\n\t\t\t\t<\/div>\n\t\t<div class=\"elementor-element elementor-element-4f1f455 e-flex e-con-boxed e-con e-child\" data-id=\"4f1f455\" data-element_type=\"container\">\n\t\t\t\t\t<div class=\"e-con-inner\">\n\t\t<div class=\"elementor-element elementor-element-97d734b e-con-full e-flex e-con e-child\" data-id=\"97d734b\" data-element_type=\"container\">\n\t\t\t\t<div class=\"elementor-element elementor-element-e54307e elementor-widget elementor-widget-heading\" data-id=\"e54307e\" data-element_type=\"widget\" data-widget_type=\"heading.default\">\n\t\t\t\t<div class=\"elementor-widget-container\">\n\t\t\t\t\t<h2 class=\"elementor-heading-title elementor-size-default\">Invitation<\/h2>\t\t\t\t<\/div>\n\t\t\t\t<\/div>\n\t\t\t\t<div class=\"elementor-element elementor-element-e3e621f elementor-widget elementor-widget-text-editor\" data-id=\"e3e621f\" data-element_type=\"widget\" data-widget_type=\"text-editor.default\">\n\t\t\t\t<div class=\"elementor-widget-container\">\n\t\t\t\t\t\t\t\t\t<p>Dear Colleagues,<\/p>\n<p><!-- \/wp:paragraph --><!-- wp:paragraph --><\/p>\n<p>The 21st National Congress of the Turkish Intensive Care Specialists Association and the 13th Afro-Eurasian Intensive Care Meeting will be held at the Limak Atlantis Deluxe Hotel in Antalya between 27 and 30 November 2025.<\/p>\n<p>This prestigious event will bring together the latest advancements, innovative approaches, and global experiences in the field of intensive care. We are truly delighted to invite you to join us for this significant gathering.<\/p>\n<p>Since its establishment in 2005, Society of Turkish Intensivists has been dedicated to advancing the institutional framework of intensive care medicine, enhancing the education and expertise of healthcare professionals, and improving the quality of care provided to critically ill patients. Through our annual congresses, we strive to further these goals.<\/p>\n<p>Our congress will feature esteemed national and international speakers, providing a comprehensive platform for diverse perspectives, interactive workshops, scientific presentations, and professional networking. It will also serve as a space to discuss transformative developments, cutting-edge treatment protocols, and forward-looking visions for intensive care practices.<\/p>\n<p>With your valuable participation, we aim to foster global knowledge exchange and strengthen the collaborative efforts that shape the future of our field.<\/p>\n<p>We would be honored to welcome you to this exceptional scientific event and look forward to sharing our passion for intensive care medicine with you. Let us come together to strengthen our sense of unity and purpose. We hope to see you in Antalya from November 27\u201330, 2025, for an unforgettable congress experience.<\/p>\n<p><!-- \/wp:paragraph --><!-- wp:paragraph --><\/p>\n<p>Yours sincerely,<\/p>\n<p><!-- \/wp:paragraph --><!-- wp:paragraph --><\/p>\n<p><strong>Congress Chair<br><\/strong>Emel Ery\u00fcksel<\/p>\n<p><strong>Congress Secretariat<br><\/strong>Recep Civan Y\u00fcksel<br>Kaniye Ayd\u0131n&nbsp;<br>Kamil G\u00f6nderen<\/p>\n<p><strong>Congress Organization Committee<\/strong><\/p>\n<p>N. Defne Alt\u0131nta\u015f<br>Melda T\u00fcrko\u011flu<br>K\u00fcr\u015fat G\u00fcndo\u011fan<br>\u0130smail Hakk\u0131 Akbudak<br>Nazl\u0131han Boyac\u0131 D\u00fcndar<br>\u015eahin Temel<br>Kamil \u0130nci<\/p>\n<p><!-- \/wp:paragraph --><\/p>\t\t\t\t\t\t\t\t<\/div>\n\t\t\t\t<\/div>\n\t\t\t\t<\/div>\n\t\t\t\t\t<\/div>\n\t\t\t\t<\/div>\n\t\t\t\t<\/div>\n\t\t<div class=\"elementor-element elementor-element-bc6827d e-flex e-con-boxed e-con e-parent\" data-id=\"bc6827d\" data-element_type=\"container\" data-settings=\"{&quot;background_background&quot;:&quot;gradient&quot;}\">\n\t\t\t\t\t<div class=\"e-con-inner\">\n\t\t\t\t<div class=\"elementor-element elementor-element-629a6bf elementor-widget elementor-widget-heading\" data-id=\"629a6bf\" data-element_type=\"widget\" data-widget_type=\"heading.default\">\n\t\t\t\t<div class=\"elementor-widget-container\">\n\t\t\t\t\t<h2 class=\"elementor-heading-title elementor-size-default\">Important Dates<\/h2>\t\t\t\t<\/div>\n\t\t\t\t<\/div>\n\t\t\t\t<div class=\"elementor-element elementor-element-52d22cb elementor-widget elementor-widget-text-editor\" data-id=\"52d22cb\" data-element_type=\"widget\" data-widget_type=\"text-editor.default\">\n\t\t\t\t<div class=\"elementor-widget-container\">\n\t\t\t\t\t\t\t\t\t<div id=\"block-8\" class=\"ct-widget widget_block widget_text\">\n<div id=\"block-8\" class=\"ct-widget widget_block widget_text\">\n<p style=\"text-align: center;\"><strong>Abstract Submission Start Date:<\/strong><br \/>11 February 2025<\/p>\n<p style=\"text-align: center;\"><strong>Deadline for abstract submission:<br \/><\/strong>10 Ekim 2025<\/p>\n<p style=\"text-align: center;\"><strong>Early Registration:<br \/><\/strong>(Before July 1, 2025)<\/p>\n<\/div>\n<\/div>\t\t\t\t\t\t\t\t<\/div>\n\t\t\t\t<\/div>\n\t\t\t\t\t<\/div>\n\t\t\t\t<\/div>\n\t\t<div class=\"elementor-element elementor-element-23a274f elementor-hidden-desktop elementor-hidden-tablet elementor-hidden-mobile e-flex e-con-boxed e-con e-parent\" data-id=\"23a274f\" data-element_type=\"container\" data-settings=\"{&quot;background_background&quot;:&quot;classic&quot;}\">\n\t\t\t\t\t<div class=\"e-con-inner\">\n\t\t<div class=\"elementor-element elementor-element-8dfb292 e-con-full e-flex e-con e-child\" data-id=\"8dfb292\" data-element_type=\"container\">\n\t\t\t\t<div class=\"elementor-element elementor-element-8e363e1 elementor-widget elementor-widget-heading\" data-id=\"8e363e1\" data-element_type=\"widget\" data-widget_type=\"heading.default\">\n\t\t\t\t<div class=\"elementor-widget-container\">\n\t\t\t\t\t<h2 class=\"elementor-heading-title elementor-size-default\">Destekleriyle<\/h2>\t\t\t\t<\/div>\n\t\t\t\t<\/div>\n\t\t\t\t<div class=\"elementor-element elementor-element-3c5ac86 elementor-widget-divider--view-line elementor-widget elementor-widget-divider\" data-id=\"3c5ac86\" data-element_type=\"widget\" data-widget_type=\"divider.default\">\n\t\t\t\t<div class=\"elementor-widget-container\">\n\t\t\t\t\t\t\t<div class=\"elementor-divider\">\n\t\t\t<span class=\"elementor-divider-separator\">\n\t\t\t\t\t\t<\/span>\n\t\t<\/div>\n\t\t\t\t\t\t<\/div>\n\t\t\t\t<\/div>\n\t\t\t\t<\/div>\n\t\t<div class=\"elementor-element elementor-element-607059c e-grid e-con-full e-con e-child\" data-id=\"607059c\" data-element_type=\"container\">\n\t\t\t\t<div class=\"elementor-element elementor-element-87ab5f4 elementor-widget elementor-widget-image\" data-id=\"87ab5f4\" data-element_type=\"widget\" data-widget_type=\"image.default\">\n\t\t\t\t<div class=\"elementor-widget-container\">\n\t\t\t\t\t\t\t\t\t\t\t\t\t\t\t<img decoding=\"async\" width=\"225\" height=\"300\" src=\"https:\/\/yogunbakim2025.org\/wp-content\/uploads\/2024\/11\/tubitak_logo-225x300-1.png\" class=\"attachment-large size-large wp-image-892\" alt=\"\" srcset=\"https:\/\/yogunbakim2025.org\/wp-content\/uploads\/2024\/11\/tubitak_logo-225x300-1.png 225w, https:\/\/yogunbakim2025.org\/wp-content\/uploads\/2024\/11\/tubitak_logo-225x300-1-9x12.png 9w\" sizes=\"(max-width: 225px) 100vw, 225px\" \/>\t\t\t\t\t\t\t\t\t\t\t\t\t\t\t<\/div>\n\t\t\t\t<\/div>\n\t\t\t\t<div class=\"elementor-element elementor-element-c65f48c elementor-widget elementor-widget-image\" data-id=\"c65f48c\" data-element_type=\"widget\" data-widget_type=\"image.default\">\n\t\t\t\t<div class=\"elementor-widget-container\">\n\t\t\t\t\t\t\t\t\t\t\t\t\t\t\t<img decoding=\"async\" width=\"866\" height=\"650\" src=\"https:\/\/yogunbakim2025.org\/wp-content\/uploads\/2024\/11\/tika.webp\" class=\"attachment-large size-large wp-image-896\" alt=\"\" srcset=\"https:\/\/yogunbakim2025.org\/wp-content\/uploads\/2024\/11\/tika.webp 866w, https:\/\/yogunbakim2025.org\/wp-content\/uploads\/2024\/11\/tika-300x225.webp 300w, https:\/\/yogunbakim2025.org\/wp-content\/uploads\/2024\/11\/tika-768x576.webp 768w, https:\/\/yogunbakim2025.org\/wp-content\/uploads\/2024\/11\/tika-16x12.webp 16w\" sizes=\"(max-width: 866px) 100vw, 866px\" \/>\t\t\t\t\t\t\t\t\t\t\t\t\t\t\t<\/div>\n\t\t\t\t<\/div>\n\t\t\t\t<div class=\"elementor-element elementor-element-b8dfa1e elementor-widget elementor-widget-text-editor\" data-id=\"b8dfa1e\" data-element_type=\"widget\" data-widget_type=\"text-editor.default\">\n\t\t\t\t<div class=\"elementor-widget-container\">\n\t\t\t\t\t\t\t\t\t<p style=\"text-align: center;\">20th National Congress and the 12th Afro-Eurasia Intensive Care Meeting is supported within the scope of T\u00dcB\u0130TAK BIDEB 2223-B Grant Program<\/p>\t\t\t\t\t\t\t\t<\/div>\n\t\t\t\t<\/div>\n\t\t\t\t<\/div>\n\t\t<div class=\"elementor-element elementor-element-e92601c e-con-full e-flex e-con e-child\" data-id=\"e92601c\" data-element_type=\"container\">\n\t\t\t\t<div class=\"elementor-element elementor-element-f261871 elementor-widget-divider--view-line elementor-widget elementor-widget-divider\" data-id=\"f261871\" data-element_type=\"widget\" data-widget_type=\"divider.default\">\n\t\t\t\t<div class=\"elementor-widget-container\">\n\t\t\t\t\t\t\t<div class=\"elementor-divider\">\n\t\t\t<span class=\"elementor-divider-separator\">\n\t\t\t\t\t\t<\/span>\n\t\t<\/div>\n\t\t\t\t\t\t<\/div>\n\t\t\t\t<\/div>\n\t\t\t\t<\/div>\n\t\t\t\t\t<\/div>\n\t\t\t\t<\/div>\n\t\t\t\t<\/div>","protected":false},"excerpt":{"rendered":"<p>Bildiri kitab\u0131 yay\u0131mland\u0131! G\u00f6r\u00fcnt\u00fclemek i\u00e7in t\u0131klay\u0131n\u0131z Davet Say\u0131n Meslekta\u015flar\u0131m\u0131z, T\u00fcrk Yo\u011fun Bak\u0131m Uzmanlar\u0131 Derne\u011fi\u2019nin 21. Ulusal Kongresi ve 13. Afro-Avrasya Yo\u011fun Bak\u0131m Toplant\u0131s\u0131, 27-30 Kas\u0131m 2025 tarihleri aras\u0131nda Antalya Limak Atlantis Deluxe&nbsp; Otel\u2019de d\u00fczenlenecektir. Yo\u011fun bak\u0131m alan\u0131ndaki en yeni geli\u015fmeleri, yenilik\u00e7i \u00e7\u00f6z\u00fcmleri ve uluslararas\u0131 deneyimleri bir araya getirece\u011fimiz bu \u00f6nemli etkinlikte sizlerle bir araya gelmekten [&hellip;]<\/p>","protected":false},"author":1,"featured_media":0,"parent":0,"menu_order":0,"comment_status":"closed","ping_status":"closed","template":"elementor_header_footer","meta":{"footnotes":""},"class_list":["post-20","page","type-page","status-publish","hentry"],"blocksy_meta":[],"_links":{"self":[{"href":"https:\/\/yogunbakim2025.org\/en\/wp-json\/wp\/v2\/pages\/20","targetHints":{"allow":["GET"]}}],"collection":[{"href":"https:\/\/yogunbakim2025.org\/en\/wp-json\/wp\/v2\/pages"}],"about":[{"href":"https:\/\/yogunbakim2025.org\/en\/wp-json\/wp\/v2\/types\/page"}],"author":[{"embeddable":true,"href":"https:\/\/yogunbakim2025.org\/en\/wp-json\/wp\/v2\/users\/1"}],"replies":[{"embeddable":true,"href":"https:\/\/yogunbakim2025.org\/en\/wp-json\/wp\/v2\/comments?post=20"}],"version-history":[{"count":241,"href":"https:\/\/yogunbakim2025.org\/en\/wp-json\/wp\/v2\/pages\/20\/revisions"}],"predecessor-version":[{"id":1675,"href":"https:\/\/yogunbakim2025.org\/en\/wp-json\/wp\/v2\/pages\/20\/revisions\/1675"}],"wp:attachment":[{"href":"https:\/\/yogunbakim2025.org\/en\/wp-json\/wp\/v2\/media?parent=20"}],"curies":[{"name":"wp","href":"https:\/\/api.w.org\/{rel}","templated":true}]}}