{"id":47,"date":"2024-01-02T15:48:10","date_gmt":"2024-01-02T12:48:10","guid":{"rendered":"https:\/\/yogunbakim2025.org\/?page_id=47"},"modified":"2025-08-27T15:43:57","modified_gmt":"2025-08-27T12:43:57","slug":"kurullar","status":"publish","type":"page","link":"https:\/\/yogunbakim2025.org\/en\/kurullar\/","title":{"rendered":"Committees"},"content":{"rendered":"<p><\/p>\n\n\n\n<h5 class=\"wp-block-heading has-text-align-center\">Congress Chair<\/h5>\n\n\n\n<figure class=\"wp-block-image aligncenter size-large is-resized\"><img fetchpriority=\"high\" decoding=\"async\" width=\"1024\" height=\"1024\" src=\"https:\/\/yogunbakim2025.org\/wp-content\/uploads\/2024\/01\/Emel-Eryuksel-1024x1024.jpg\" alt=\"\" class=\"wp-image-143\" style=\"width:200px\" srcset=\"https:\/\/yogunbakim2025.org\/wp-content\/uploads\/2024\/01\/Emel-Eryuksel-1024x1024.jpg 1024w, https:\/\/yogunbakim2025.org\/wp-content\/uploads\/2024\/01\/Emel-Eryuksel-300x300.jpg 300w, https:\/\/yogunbakim2025.org\/wp-content\/uploads\/2024\/01\/Emel-Eryuksel-150x150.jpg 150w, https:\/\/yogunbakim2025.org\/wp-content\/uploads\/2024\/01\/Emel-Eryuksel-768x768.jpg 768w, https:\/\/yogunbakim2025.org\/wp-content\/uploads\/2024\/01\/Emel-Eryuksel-12x12.jpg 12w, https:\/\/yogunbakim2025.org\/wp-content\/uploads\/2024\/01\/Emel-Eryuksel.jpg 1200w\" sizes=\"(max-width: 1024px) 100vw, 1024px\" \/><\/figure>\n\n\n\n<p class=\"has-text-align-center\"><strong><strong>Prof. Dr.&nbsp;<\/strong>Emel Ery\u00fcksel<\/strong><\/p>\n\n\n\n<hr class=\"wp-block-separator has-alpha-channel-opacity\"\/>\n\n\n\n<h5 class=\"wp-block-heading has-text-align-center\">Congress Secretariat<\/h5>\n\n\n\n<div class=\"wp-block-columns is-layout-flex wp-container-core-columns-is-layout-28f84493 wp-block-columns-is-layout-flex\">\n<div class=\"wp-block-column is-layout-flow wp-block-column-is-layout-flow\">\n<figure class=\"wp-block-image aligncenter size-large is-resized\"><img decoding=\"async\" width=\"1024\" height=\"1024\" src=\"https:\/\/yogunbakim2025.org\/wp-content\/uploads\/2024\/01\/Recep-Civan-Yuksel-1024x1024.jpg\" alt=\"\" class=\"wp-image-146\" style=\"width:200px\" srcset=\"https:\/\/yogunbakim2025.org\/wp-content\/uploads\/2024\/01\/Recep-Civan-Yuksel-1024x1024.jpg 1024w, https:\/\/yogunbakim2025.org\/wp-content\/uploads\/2024\/01\/Recep-Civan-Yuksel-300x300.jpg 300w, https:\/\/yogunbakim2025.org\/wp-content\/uploads\/2024\/01\/Recep-Civan-Yuksel-150x150.jpg 150w, https:\/\/yogunbakim2025.org\/wp-content\/uploads\/2024\/01\/Recep-Civan-Yuksel-768x768.jpg 768w, https:\/\/yogunbakim2025.org\/wp-content\/uploads\/2024\/01\/Recep-Civan-Yuksel-12x12.jpg 12w, https:\/\/yogunbakim2025.org\/wp-content\/uploads\/2024\/01\/Recep-Civan-Yuksel.jpg 1200w\" sizes=\"(max-width: 1024px) 100vw, 1024px\" \/><\/figure>\n\n\n\n<p class=\"has-text-align-center\"><strong>Dr. Recep Civan Y\u00fcksel<\/strong><\/p>\n<\/div>\n\n\n\n<div class=\"wp-block-column is-layout-flow wp-block-column-is-layout-flow\">\n<figure class=\"wp-block-image aligncenter size-large is-resized\"><img decoding=\"async\" width=\"1024\" height=\"1024\" src=\"https:\/\/yogunbakim2025.org\/wp-content\/uploads\/2024\/10\/Kaniye-Aydin-1024x1024.jpg\" alt=\"\" class=\"wp-image-744\" style=\"width:200px\" srcset=\"https:\/\/yogunbakim2025.org\/wp-content\/uploads\/2024\/10\/Kaniye-Aydin-1024x1024.jpg 1024w, https:\/\/yogunbakim2025.org\/wp-content\/uploads\/2024\/10\/Kaniye-Aydin-300x300.jpg 300w, https:\/\/yogunbakim2025.org\/wp-content\/uploads\/2024\/10\/Kaniye-Aydin-150x150.jpg 150w, https:\/\/yogunbakim2025.org\/wp-content\/uploads\/2024\/10\/Kaniye-Aydin-768x768.jpg 768w, https:\/\/yogunbakim2025.org\/wp-content\/uploads\/2024\/10\/Kaniye-Aydin-12x12.jpg 12w, https:\/\/yogunbakim2025.org\/wp-content\/uploads\/2024\/10\/Kaniye-Aydin.jpg 1200w\" sizes=\"(max-width: 1024px) 100vw, 1024px\" \/><\/figure>\n\n\n\n<p class=\"has-text-align-center\"><strong>Dr. Kaniye Ayd\u0131n<\/strong><\/p>\n<\/div>\n\n\n\n<div class=\"wp-block-column is-layout-flow wp-block-column-is-layout-flow\">\n<figure class=\"wp-block-image aligncenter size-large is-resized\"><img loading=\"lazy\" decoding=\"async\" width=\"1024\" height=\"1024\" src=\"https:\/\/yogunbakim2025.org\/wp-content\/uploads\/2024\/09\/Kamil-Gonderen-1024x1024.jpg\" alt=\"\" class=\"wp-image-774\" style=\"width:200px\" srcset=\"https:\/\/yogunbakim2025.org\/wp-content\/uploads\/2024\/09\/Kamil-Gonderen-1024x1024.jpg 1024w, https:\/\/yogunbakim2025.org\/wp-content\/uploads\/2024\/09\/Kamil-Gonderen-300x300.jpg 300w, https:\/\/yogunbakim2025.org\/wp-content\/uploads\/2024\/09\/Kamil-Gonderen-150x150.jpg 150w, https:\/\/yogunbakim2025.org\/wp-content\/uploads\/2024\/09\/Kamil-Gonderen-768x768.jpg 768w, https:\/\/yogunbakim2025.org\/wp-content\/uploads\/2024\/09\/Kamil-Gonderen-12x12.jpg 12w, https:\/\/yogunbakim2025.org\/wp-content\/uploads\/2024\/09\/Kamil-Gonderen.jpg 1200w\" sizes=\"(max-width: 1024px) 100vw, 1024px\" \/><\/figure>\n\n\n\n<p class=\"has-text-align-center\"><strong>Dr. Kamil G\u00f6nderen<\/strong><\/p>\n<\/div>\n<\/div>\n\n\n\n<p class=\"has-text-align-center\"><\/p>\n\n\n\n<hr class=\"wp-block-separator has-alpha-channel-opacity\"\/>\n\n\n\n<h5 class=\"wp-block-heading has-text-align-center\">Congress Organization Committee<\/h5>\n\n\n\n<div class=\"wp-block-columns is-layout-flex wp-container-core-columns-is-layout-28f84493 wp-block-columns-is-layout-flex\">\n<div class=\"wp-block-column is-layout-flow wp-block-column-is-layout-flow\">\n<figure class=\"wp-block-image aligncenter size-large is-resized\"><img loading=\"lazy\" decoding=\"async\" width=\"1024\" height=\"1024\" src=\"https:\/\/yogunbakim2025.org\/wp-content\/uploads\/2024\/09\/Defne-Altintas-1024x1024.jpg\" alt=\"\" class=\"wp-image-661\" style=\"width:200px\" srcset=\"https:\/\/yogunbakim2025.org\/wp-content\/uploads\/2024\/09\/Defne-Altintas-1024x1024.jpg 1024w, https:\/\/yogunbakim2025.org\/wp-content\/uploads\/2024\/09\/Defne-Altintas-300x300.jpg 300w, https:\/\/yogunbakim2025.org\/wp-content\/uploads\/2024\/09\/Defne-Altintas-150x150.jpg 150w, https:\/\/yogunbakim2025.org\/wp-content\/uploads\/2024\/09\/Defne-Altintas-768x768.jpg 768w, https:\/\/yogunbakim2025.org\/wp-content\/uploads\/2024\/09\/Defne-Altintas-12x12.jpg 12w, https:\/\/yogunbakim2025.org\/wp-content\/uploads\/2024\/09\/Defne-Altintas.jpg 1200w\" sizes=\"(max-width: 1024px) 100vw, 1024px\" \/><\/figure>\n\n\n\n<p class=\"has-text-align-center\"><strong>Prof. Dr. N. Defne Alt\u0131nta\u015f<\/strong><\/p>\n<\/div>\n\n\n\n<div class=\"wp-block-column is-layout-flow wp-block-column-is-layout-flow\">\n<figure class=\"wp-block-image aligncenter size-full is-resized\"><img loading=\"lazy\" decoding=\"async\" width=\"800\" height=\"800\" src=\"https:\/\/yogunbakim2025.org\/wp-content\/uploads\/2024\/09\/Melda-Turkoglu-2.jpg\" alt=\"\" class=\"wp-image-838\" style=\"width:200px\" srcset=\"https:\/\/yogunbakim2025.org\/wp-content\/uploads\/2024\/09\/Melda-Turkoglu-2.jpg 800w, https:\/\/yogunbakim2025.org\/wp-content\/uploads\/2024\/09\/Melda-Turkoglu-2-300x300.jpg 300w, https:\/\/yogunbakim2025.org\/wp-content\/uploads\/2024\/09\/Melda-Turkoglu-2-150x150.jpg 150w, https:\/\/yogunbakim2025.org\/wp-content\/uploads\/2024\/09\/Melda-Turkoglu-2-768x768.jpg 768w, https:\/\/yogunbakim2025.org\/wp-content\/uploads\/2024\/09\/Melda-Turkoglu-2-12x12.jpg 12w\" sizes=\"(max-width: 800px) 100vw, 800px\" \/><\/figure>\n\n\n\n<p class=\"has-text-align-center\"><strong>Prof. Dr. Melda T\u00fcrko\u011flu<\/strong><\/p>\n<\/div>\n\n\n\n<div class=\"wp-block-column is-layout-flow wp-block-column-is-layout-flow\">\n<figure class=\"wp-block-image aligncenter size-full is-resized\"><img loading=\"lazy\" decoding=\"async\" width=\"800\" height=\"800\" src=\"https:\/\/yogunbakim2025.org\/wp-content\/uploads\/2024\/09\/Kursat-Gundogan.jpg\" alt=\"\" class=\"wp-image-831\" style=\"width:200px\" srcset=\"https:\/\/yogunbakim2025.org\/wp-content\/uploads\/2024\/09\/Kursat-Gundogan.jpg 800w, https:\/\/yogunbakim2025.org\/wp-content\/uploads\/2024\/09\/Kursat-Gundogan-300x300.jpg 300w, https:\/\/yogunbakim2025.org\/wp-content\/uploads\/2024\/09\/Kursat-Gundogan-150x150.jpg 150w, https:\/\/yogunbakim2025.org\/wp-content\/uploads\/2024\/09\/Kursat-Gundogan-768x768.jpg 768w, https:\/\/yogunbakim2025.org\/wp-content\/uploads\/2024\/09\/Kursat-Gundogan-12x12.jpg 12w\" sizes=\"(max-width: 800px) 100vw, 800px\" \/><\/figure>\n\n\n\n<p class=\"has-text-align-center\"><strong>Prof. Dr. K\u00fcr\u015fat G\u00fcndo\u011fan<\/strong><\/p>\n<\/div>\n<\/div>\n\n\n\n<div class=\"wp-block-columns is-layout-flex wp-container-core-columns-is-layout-28f84493 wp-block-columns-is-layout-flex\">\n<div class=\"wp-block-column is-layout-flow wp-block-column-is-layout-flow\">\n<figure class=\"wp-block-image aligncenter size-large is-resized\"><img loading=\"lazy\" decoding=\"async\" width=\"1024\" height=\"1024\" src=\"https:\/\/yogunbakim2025.org\/wp-content\/uploads\/2024\/09\/Ismail-Hakki-Akbudak-1024x1024.jpg\" alt=\"\" class=\"wp-image-638\" style=\"width:200px\" srcset=\"https:\/\/yogunbakim2025.org\/wp-content\/uploads\/2024\/09\/Ismail-Hakki-Akbudak-1024x1024.jpg 1024w, https:\/\/yogunbakim2025.org\/wp-content\/uploads\/2024\/09\/Ismail-Hakki-Akbudak-300x300.jpg 300w, https:\/\/yogunbakim2025.org\/wp-content\/uploads\/2024\/09\/Ismail-Hakki-Akbudak-150x150.jpg 150w, https:\/\/yogunbakim2025.org\/wp-content\/uploads\/2024\/09\/Ismail-Hakki-Akbudak-768x768.jpg 768w, https:\/\/yogunbakim2025.org\/wp-content\/uploads\/2024\/09\/Ismail-Hakki-Akbudak-12x12.jpg 12w, https:\/\/yogunbakim2025.org\/wp-content\/uploads\/2024\/09\/Ismail-Hakki-Akbudak.jpg 1200w\" sizes=\"(max-width: 1024px) 100vw, 1024px\" \/><\/figure>\n\n\n\n<p class=\"has-text-align-center\"><strong>Do\u00e7. Dr. \u0130smail Hakk\u0131 Akbudak<\/strong><\/p>\n<\/div>\n\n\n\n<div class=\"wp-block-column is-layout-flow wp-block-column-is-layout-flow\">\n<figure class=\"wp-block-image aligncenter size-large is-resized\"><img loading=\"lazy\" decoding=\"async\" width=\"1024\" height=\"1024\" src=\"https:\/\/yogunbakim2025.org\/wp-content\/uploads\/2024\/09\/Nazlihan-Boyaci-Dundar-1024x1024.jpg\" alt=\"\" class=\"wp-image-824\" style=\"width:200px\" srcset=\"https:\/\/yogunbakim2025.org\/wp-content\/uploads\/2024\/09\/Nazlihan-Boyaci-Dundar-1024x1024.jpg 1024w, https:\/\/yogunbakim2025.org\/wp-content\/uploads\/2024\/09\/Nazlihan-Boyaci-Dundar-300x300.jpg 300w, https:\/\/yogunbakim2025.org\/wp-content\/uploads\/2024\/09\/Nazlihan-Boyaci-Dundar-150x150.jpg 150w, https:\/\/yogunbakim2025.org\/wp-content\/uploads\/2024\/09\/Nazlihan-Boyaci-Dundar-768x768.jpg 768w, https:\/\/yogunbakim2025.org\/wp-content\/uploads\/2024\/09\/Nazlihan-Boyaci-Dundar-12x12.jpg 12w, https:\/\/yogunbakim2025.org\/wp-content\/uploads\/2024\/09\/Nazlihan-Boyaci-Dundar.jpg 1200w\" sizes=\"(max-width: 1024px) 100vw, 1024px\" \/><\/figure>\n\n\n\n<p class=\"has-text-align-center\"><strong>Dr. Nazl\u0131han Boyac\u0131 D\u00fcndar<\/strong><\/p>\n<\/div>\n\n\n\n<div class=\"wp-block-column is-layout-flow wp-block-column-is-layout-flow\">\n<figure class=\"wp-block-image aligncenter size-full is-resized\"><img loading=\"lazy\" decoding=\"async\" width=\"800\" height=\"800\" src=\"https:\/\/yogunbakim2025.org\/wp-content\/uploads\/2024\/09\/Sahin-Temel.jpg\" alt=\"\" class=\"wp-image-837\" style=\"width:200px\" srcset=\"https:\/\/yogunbakim2025.org\/wp-content\/uploads\/2024\/09\/Sahin-Temel.jpg 800w, https:\/\/yogunbakim2025.org\/wp-content\/uploads\/2024\/09\/Sahin-Temel-300x300.jpg 300w, https:\/\/yogunbakim2025.org\/wp-content\/uploads\/2024\/09\/Sahin-Temel-150x150.jpg 150w, https:\/\/yogunbakim2025.org\/wp-content\/uploads\/2024\/09\/Sahin-Temel-768x768.jpg 768w, https:\/\/yogunbakim2025.org\/wp-content\/uploads\/2024\/09\/Sahin-Temel-12x12.jpg 12w\" sizes=\"(max-width: 800px) 100vw, 800px\" \/><\/figure>\n\n\n\n<p class=\"has-text-align-center\"><strong>Dr. \u015eahin Temel<\/strong><\/p>\n<\/div>\n<\/div>\n\n\n\n<hr class=\"wp-block-separator has-alpha-channel-opacity\"\/>\n\n\n\n<h5 class=\"wp-block-heading has-text-align-center\">Scientific Committee<\/h5>\n\n\n\n<div class=\"wp-block-columns is-layout-flex wp-container-core-columns-is-layout-28f84493 wp-block-columns-is-layout-flex\">\n<div class=\"wp-block-column is-layout-flow wp-block-column-is-layout-flow\">\n<figure class=\"wp-block-image aligncenter size-large is-resized\"><img loading=\"lazy\" decoding=\"async\" width=\"1024\" height=\"1024\" src=\"https:\/\/yogunbakim2025.org\/wp-content\/uploads\/2024\/09\/Defne-Altintas-1024x1024.jpg\" alt=\"\" class=\"wp-image-661\" style=\"width:200px\" srcset=\"https:\/\/yogunbakim2025.org\/wp-content\/uploads\/2024\/09\/Defne-Altintas-1024x1024.jpg 1024w, https:\/\/yogunbakim2025.org\/wp-content\/uploads\/2024\/09\/Defne-Altintas-300x300.jpg 300w, https:\/\/yogunbakim2025.org\/wp-content\/uploads\/2024\/09\/Defne-Altintas-150x150.jpg 150w, https:\/\/yogunbakim2025.org\/wp-content\/uploads\/2024\/09\/Defne-Altintas-768x768.jpg 768w, https:\/\/yogunbakim2025.org\/wp-content\/uploads\/2024\/09\/Defne-Altintas-12x12.jpg 12w, https:\/\/yogunbakim2025.org\/wp-content\/uploads\/2024\/09\/Defne-Altintas.jpg 1200w\" sizes=\"(max-width: 1024px) 100vw, 1024px\" \/><\/figure>\n\n\n\n<p class=\"has-text-align-center\"><strong>Prof. Dr. N. Defne Alt\u0131nta\u015f<\/strong><\/p>\n<\/div>\n\n\n\n<div class=\"wp-block-column is-layout-flow wp-block-column-is-layout-flow\">\n<figure class=\"wp-block-image aligncenter size-full is-resized\"><img loading=\"lazy\" decoding=\"async\" width=\"800\" height=\"800\" src=\"https:\/\/yogunbakim2025.org\/wp-content\/uploads\/2024\/09\/Melda-Turkoglu-2.jpg\" alt=\"\" class=\"wp-image-838\" style=\"width:200px\" srcset=\"https:\/\/yogunbakim2025.org\/wp-content\/uploads\/2024\/09\/Melda-Turkoglu-2.jpg 800w, https:\/\/yogunbakim2025.org\/wp-content\/uploads\/2024\/09\/Melda-Turkoglu-2-300x300.jpg 300w, https:\/\/yogunbakim2025.org\/wp-content\/uploads\/2024\/09\/Melda-Turkoglu-2-150x150.jpg 150w, https:\/\/yogunbakim2025.org\/wp-content\/uploads\/2024\/09\/Melda-Turkoglu-2-768x768.jpg 768w, https:\/\/yogunbakim2025.org\/wp-content\/uploads\/2024\/09\/Melda-Turkoglu-2-12x12.jpg 12w\" sizes=\"(max-width: 800px) 100vw, 800px\" \/><\/figure>\n\n\n\n<p class=\"has-text-align-center\"><strong>Prof. Dr. Melda T\u00fcrko\u011flu<\/strong><\/p>\n<\/div>\n\n\n\n<div class=\"wp-block-column is-layout-flow wp-block-column-is-layout-flow\">\n<figure class=\"wp-block-image aligncenter size-full is-resized\"><img loading=\"lazy\" decoding=\"async\" width=\"800\" height=\"800\" src=\"https:\/\/yogunbakim2025.org\/wp-content\/uploads\/2024\/09\/Kursat-Gundogan.jpg\" alt=\"\" class=\"wp-image-831\" style=\"width:200px\" srcset=\"https:\/\/yogunbakim2025.org\/wp-content\/uploads\/2024\/09\/Kursat-Gundogan.jpg 800w, https:\/\/yogunbakim2025.org\/wp-content\/uploads\/2024\/09\/Kursat-Gundogan-300x300.jpg 300w, https:\/\/yogunbakim2025.org\/wp-content\/uploads\/2024\/09\/Kursat-Gundogan-150x150.jpg 150w, https:\/\/yogunbakim2025.org\/wp-content\/uploads\/2024\/09\/Kursat-Gundogan-768x768.jpg 768w, https:\/\/yogunbakim2025.org\/wp-content\/uploads\/2024\/09\/Kursat-Gundogan-12x12.jpg 12w\" sizes=\"(max-width: 800px) 100vw, 800px\" \/><\/figure>\n\n\n\n<p class=\"has-text-align-center\"><strong>Prof. Dr. K\u00fcr\u015fat G\u00fcndo\u011fan<\/strong><\/p>\n<\/div>\n<\/div>\n\n\n\n<div class=\"wp-block-columns is-layout-flex wp-container-core-columns-is-layout-28f84493 wp-block-columns-is-layout-flex\">\n<div class=\"wp-block-column is-layout-flow wp-block-column-is-layout-flow\">\n<figure class=\"wp-block-image aligncenter size-full is-resized\"><img loading=\"lazy\" decoding=\"async\" width=\"800\" height=\"800\" src=\"https:\/\/yogunbakim2025.org\/wp-content\/uploads\/2024\/09\/Murat-Sungur.jpg\" alt=\"\" class=\"wp-image-836\" style=\"width:200px\" srcset=\"https:\/\/yogunbakim2025.org\/wp-content\/uploads\/2024\/09\/Murat-Sungur.jpg 800w, https:\/\/yogunbakim2025.org\/wp-content\/uploads\/2024\/09\/Murat-Sungur-300x300.jpg 300w, https:\/\/yogunbakim2025.org\/wp-content\/uploads\/2024\/09\/Murat-Sungur-150x150.jpg 150w, https:\/\/yogunbakim2025.org\/wp-content\/uploads\/2024\/09\/Murat-Sungur-768x768.jpg 768w, https:\/\/yogunbakim2025.org\/wp-content\/uploads\/2024\/09\/Murat-Sungur-12x12.jpg 12w\" sizes=\"(max-width: 800px) 100vw, 800px\" \/><\/figure>\n\n\n\n<p class=\"has-text-align-center\"><strong>Prof. Dr.&nbsp;Murat Sungur<\/strong><\/p>\n<\/div>\n\n\n\n<div class=\"wp-block-column is-layout-flow wp-block-column-is-layout-flow\">\n<figure class=\"wp-block-image aligncenter size-full is-resized\"><img loading=\"lazy\" decoding=\"async\" width=\"800\" height=\"800\" src=\"https:\/\/yogunbakim2025.org\/wp-content\/uploads\/2024\/09\/Kaya-Yorganci.jpg\" alt=\"\" class=\"wp-image-842\" style=\"width:200px\" srcset=\"https:\/\/yogunbakim2025.org\/wp-content\/uploads\/2024\/09\/Kaya-Yorganci.jpg 800w, https:\/\/yogunbakim2025.org\/wp-content\/uploads\/2024\/09\/Kaya-Yorganci-300x300.jpg 300w, https:\/\/yogunbakim2025.org\/wp-content\/uploads\/2024\/09\/Kaya-Yorganci-150x150.jpg 150w, https:\/\/yogunbakim2025.org\/wp-content\/uploads\/2024\/09\/Kaya-Yorganci-768x768.jpg 768w, https:\/\/yogunbakim2025.org\/wp-content\/uploads\/2024\/09\/Kaya-Yorganci-12x12.jpg 12w\" sizes=\"(max-width: 800px) 100vw, 800px\" \/><\/figure>\n\n\n\n<p class=\"has-text-align-center\"><strong>Prof. Dr.&nbsp;Kaya Yorganc\u0131<\/strong><\/p>\n<\/div>\n\n\n\n<div class=\"wp-block-column is-layout-flow wp-block-column-is-layout-flow\">\n<figure class=\"wp-block-image aligncenter size-full is-resized\"><img loading=\"lazy\" decoding=\"async\" width=\"800\" height=\"800\" src=\"https:\/\/yogunbakim2025.org\/wp-content\/uploads\/2024\/09\/cenk-kirakli.jpg\" alt=\"\" class=\"wp-image-835\" style=\"width:200px\" srcset=\"https:\/\/yogunbakim2025.org\/wp-content\/uploads\/2024\/09\/cenk-kirakli.jpg 800w, https:\/\/yogunbakim2025.org\/wp-content\/uploads\/2024\/09\/cenk-kirakli-300x300.jpg 300w, https:\/\/yogunbakim2025.org\/wp-content\/uploads\/2024\/09\/cenk-kirakli-150x150.jpg 150w, https:\/\/yogunbakim2025.org\/wp-content\/uploads\/2024\/09\/cenk-kirakli-768x768.jpg 768w, https:\/\/yogunbakim2025.org\/wp-content\/uploads\/2024\/09\/cenk-kirakli-12x12.jpg 12w\" sizes=\"(max-width: 800px) 100vw, 800px\" \/><\/figure>\n\n\n\n<p class=\"has-text-align-center\"><strong>Prof. Dr.&nbsp;Cenk K\u0131rakl\u0131<\/strong><\/p>\n<\/div>\n<\/div>\n\n\n\n<div class=\"wp-block-columns is-layout-flex wp-container-core-columns-is-layout-28f84493 wp-block-columns-is-layout-flex\">\n<div class=\"wp-block-column is-layout-flow wp-block-column-is-layout-flow\">\n<figure class=\"wp-block-image aligncenter size-large is-resized\"><img loading=\"lazy\" decoding=\"async\" width=\"1024\" height=\"1024\" src=\"https:\/\/yogunbakim2025.org\/wp-content\/uploads\/2024\/09\/Muhammet-Guven-1-1024x1024.jpg\" alt=\"\" class=\"wp-image-816\" style=\"width:200px\" srcset=\"https:\/\/yogunbakim2025.org\/wp-content\/uploads\/2024\/09\/Muhammet-Guven-1-1024x1024.jpg 1024w, https:\/\/yogunbakim2025.org\/wp-content\/uploads\/2024\/09\/Muhammet-Guven-1-300x300.jpg 300w, https:\/\/yogunbakim2025.org\/wp-content\/uploads\/2024\/09\/Muhammet-Guven-1-150x150.jpg 150w, https:\/\/yogunbakim2025.org\/wp-content\/uploads\/2024\/09\/Muhammet-Guven-1-768x768.jpg 768w, https:\/\/yogunbakim2025.org\/wp-content\/uploads\/2024\/09\/Muhammet-Guven-1-12x12.jpg 12w, https:\/\/yogunbakim2025.org\/wp-content\/uploads\/2024\/09\/Muhammet-Guven-1.jpg 1200w\" sizes=\"(max-width: 1024px) 100vw, 1024px\" \/><\/figure>\n\n\n\n<p class=\"has-text-align-center\"><strong>Prof. Dr.&nbsp;Muhammet G\u00fcven<\/strong><\/p>\n<\/div>\n\n\n\n<div class=\"wp-block-column is-layout-flow wp-block-column-is-layout-flow\">\n<figure class=\"wp-block-image aligncenter size-large is-resized\"><img loading=\"lazy\" decoding=\"async\" width=\"1024\" height=\"1024\" src=\"https:\/\/yogunbakim2025.org\/wp-content\/uploads\/2024\/09\/Bilgin-Comert-1024x1024.jpg\" alt=\"\" class=\"wp-image-741\" style=\"width:200px\" srcset=\"https:\/\/yogunbakim2025.org\/wp-content\/uploads\/2024\/09\/Bilgin-Comert-1024x1024.jpg 1024w, https:\/\/yogunbakim2025.org\/wp-content\/uploads\/2024\/09\/Bilgin-Comert-300x300.jpg 300w, https:\/\/yogunbakim2025.org\/wp-content\/uploads\/2024\/09\/Bilgin-Comert-150x150.jpg 150w, https:\/\/yogunbakim2025.org\/wp-content\/uploads\/2024\/09\/Bilgin-Comert-768x768.jpg 768w, https:\/\/yogunbakim2025.org\/wp-content\/uploads\/2024\/09\/Bilgin-Comert-12x12.jpg 12w, https:\/\/yogunbakim2025.org\/wp-content\/uploads\/2024\/09\/Bilgin-Comert.jpg 1200w\" sizes=\"(max-width: 1024px) 100vw, 1024px\" \/><\/figure>\n\n\n\n<p class=\"has-text-align-center\"><strong>Prof. Dr. Bilgin C\u00f6mert<\/strong><\/p>\n<\/div>\n\n\n\n<div class=\"wp-block-column is-layout-flow wp-block-column-is-layout-flow\">\n<figure class=\"wp-block-image aligncenter size-large is-resized\"><img loading=\"lazy\" decoding=\"async\" width=\"1024\" height=\"1024\" src=\"https:\/\/yogunbakim2025.org\/wp-content\/uploads\/2024\/09\/Ismail-Hakki-Akbudak-1024x1024.jpg\" alt=\"\" class=\"wp-image-638\" style=\"width:200px\" srcset=\"https:\/\/yogunbakim2025.org\/wp-content\/uploads\/2024\/09\/Ismail-Hakki-Akbudak-1024x1024.jpg 1024w, https:\/\/yogunbakim2025.org\/wp-content\/uploads\/2024\/09\/Ismail-Hakki-Akbudak-300x300.jpg 300w, https:\/\/yogunbakim2025.org\/wp-content\/uploads\/2024\/09\/Ismail-Hakki-Akbudak-150x150.jpg 150w, https:\/\/yogunbakim2025.org\/wp-content\/uploads\/2024\/09\/Ismail-Hakki-Akbudak-768x768.jpg 768w, https:\/\/yogunbakim2025.org\/wp-content\/uploads\/2024\/09\/Ismail-Hakki-Akbudak-12x12.jpg 12w, https:\/\/yogunbakim2025.org\/wp-content\/uploads\/2024\/09\/Ismail-Hakki-Akbudak.jpg 1200w\" sizes=\"(max-width: 1024px) 100vw, 1024px\" \/><\/figure>\n\n\n\n<p class=\"has-text-align-center\"><strong>Do\u00e7. Dr. \u0130smail Hakk\u0131 Akbudak<\/strong><\/p>\n<\/div>\n<\/div>\n\n\n\n<div class=\"wp-block-columns is-layout-flex wp-container-core-columns-is-layout-28f84493 wp-block-columns-is-layout-flex\">\n<div class=\"wp-block-column is-layout-flow wp-block-column-is-layout-flow\">\n<figure class=\"wp-block-image aligncenter size-large is-resized\"><img loading=\"lazy\" decoding=\"async\" width=\"1024\" height=\"1024\" src=\"https:\/\/yogunbakim2025.org\/wp-content\/uploads\/2024\/09\/Nazlihan-Boyaci-Dundar-1024x1024.jpg\" alt=\"\" class=\"wp-image-824\" style=\"width:200px\" srcset=\"https:\/\/yogunbakim2025.org\/wp-content\/uploads\/2024\/09\/Nazlihan-Boyaci-Dundar-1024x1024.jpg 1024w, https:\/\/yogunbakim2025.org\/wp-content\/uploads\/2024\/09\/Nazlihan-Boyaci-Dundar-300x300.jpg 300w, https:\/\/yogunbakim2025.org\/wp-content\/uploads\/2024\/09\/Nazlihan-Boyaci-Dundar-150x150.jpg 150w, https:\/\/yogunbakim2025.org\/wp-content\/uploads\/2024\/09\/Nazlihan-Boyaci-Dundar-768x768.jpg 768w, https:\/\/yogunbakim2025.org\/wp-content\/uploads\/2024\/09\/Nazlihan-Boyaci-Dundar-12x12.jpg 12w, https:\/\/yogunbakim2025.org\/wp-content\/uploads\/2024\/09\/Nazlihan-Boyaci-Dundar.jpg 1200w\" sizes=\"(max-width: 1024px) 100vw, 1024px\" \/><\/figure>\n\n\n\n<p class=\"has-text-align-center\"><strong>Dr. Nazl\u0131han Boyac\u0131 D\u00fcndar<\/strong><\/p>\n<\/div>\n\n\n\n<div class=\"wp-block-column is-layout-flow wp-block-column-is-layout-flow\">\n<figure class=\"wp-block-image aligncenter size-full is-resized\"><img loading=\"lazy\" decoding=\"async\" width=\"800\" height=\"800\" src=\"https:\/\/yogunbakim2025.org\/wp-content\/uploads\/2024\/09\/Sahin-Temel.jpg\" alt=\"\" class=\"wp-image-837\" style=\"width:200px\" srcset=\"https:\/\/yogunbakim2025.org\/wp-content\/uploads\/2024\/09\/Sahin-Temel.jpg 800w, https:\/\/yogunbakim2025.org\/wp-content\/uploads\/2024\/09\/Sahin-Temel-300x300.jpg 300w, https:\/\/yogunbakim2025.org\/wp-content\/uploads\/2024\/09\/Sahin-Temel-150x150.jpg 150w, https:\/\/yogunbakim2025.org\/wp-content\/uploads\/2024\/09\/Sahin-Temel-768x768.jpg 768w, https:\/\/yogunbakim2025.org\/wp-content\/uploads\/2024\/09\/Sahin-Temel-12x12.jpg 12w\" sizes=\"(max-width: 800px) 100vw, 800px\" \/><\/figure>\n\n\n\n<p class=\"has-text-align-center\"><strong>Dr. \u015eahin Temel<\/strong><\/p>\n<\/div>\n<\/div>\n\n\n\n<p class=\"has-text-align-center\"><\/p>\n\n\n\n<p class=\"has-text-align-center\"><\/p>\n\n\n\n<p class=\"has-text-align-center\"><\/p>\n\n\n\n<p class=\"has-text-align-center\"><\/p>","protected":false},"excerpt":{"rendered":"<p>Kongre Ba\u015fkan\u0131 Prof. Dr.&nbsp;Emel Ery\u00fcksel Kongre Sekreterleri Dr. Recep Civan Y\u00fcksel Dr. Kaniye Ayd\u0131n Dr. Kamil G\u00f6nderen Kongre D\u00fczenleme Kurulu Prof. Dr. N. Defne Alt\u0131nta\u015f Prof. Dr. Melda T\u00fcrko\u011flu Prof. Dr. K\u00fcr\u015fat G\u00fcndo\u011fan Do\u00e7. Dr. \u0130smail Hakk\u0131 Akbudak Dr. Nazl\u0131han Boyac\u0131 D\u00fcndar Dr. \u015eahin Temel Bilimsel Kurul Prof. Dr. N. Defne Alt\u0131nta\u015f Prof. Dr. Melda [&hellip;]<\/p>","protected":false},"author":1,"featured_media":0,"parent":0,"menu_order":0,"comment_status":"closed","ping_status":"closed","template":"","meta":{"footnotes":""},"class_list":["post-47","page","type-page","status-publish","hentry"],"blocksy_meta":{"page_structure_type":"type-4","styles_descriptor":{"styles":{"desktop":"","tablet":"","mobile":""},"google_fonts":[],"version":6}},"_links":{"self":[{"href":"https:\/\/yogunbakim2025.org\/en\/wp-json\/wp\/v2\/pages\/47","targetHints":{"allow":["GET"]}}],"collection":[{"href":"https:\/\/yogunbakim2025.org\/en\/wp-json\/wp\/v2\/pages"}],"about":[{"href":"https:\/\/yogunbakim2025.org\/en\/wp-json\/wp\/v2\/types\/page"}],"author":[{"embeddable":true,"href":"https:\/\/yogunbakim2025.org\/en\/wp-json\/wp\/v2\/users\/1"}],"replies":[{"embeddable":true,"href":"https:\/\/yogunbakim2025.org\/en\/wp-json\/wp\/v2\/comments?post=47"}],"version-history":[{"count":18,"href":"https:\/\/yogunbakim2025.org\/en\/wp-json\/wp\/v2\/pages\/47\/revisions"}],"predecessor-version":[{"id":1283,"href":"https:\/\/yogunbakim2025.org\/en\/wp-json\/wp\/v2\/pages\/47\/revisions\/1283"}],"wp:attachment":[{"href":"https:\/\/yogunbakim2025.org\/en\/wp-json\/wp\/v2\/media?parent=47"}],"curies":[{"name":"wp","href":"https:\/\/api.w.org\/{rel}","templated":true}]}}