{"id":49,"date":"2024-01-02T15:48:26","date_gmt":"2024-01-02T12:48:26","guid":{"rendered":"https:\/\/yogunbakim2025.org\/?page_id=49"},"modified":"2025-10-30T15:16:33","modified_gmt":"2025-10-30T12:16:33","slug":"kayit-konaklama","status":"publish","type":"page","link":"https:\/\/yogunbakim2025.org\/en\/kayit-konaklama\/","title":{"rendered":"Registration &amp; Accommodation"},"content":{"rendered":"<div data-elementor-type=\"wp-page\" data-elementor-id=\"49\" class=\"elementor elementor-49\" data-elementor-post-type=\"page\">\n\t\t\t\t<div class=\"elementor-element elementor-element-a85ca5e e-flex e-con-boxed e-con e-parent\" data-id=\"a85ca5e\" data-element_type=\"container\">\n\t\t\t\t\t<div class=\"e-con-inner\">\n\t\t\t\t<div class=\"elementor-element elementor-element-3e4f006 elementor-widget elementor-widget-heading\" data-id=\"3e4f006\" data-element_type=\"widget\" data-widget_type=\"heading.default\">\n\t\t\t\t<div class=\"elementor-widget-container\">\n\t\t\t\t\t<h4 class=\"elementor-heading-title elementor-size-default\">REGISTRATION<\/h4>\t\t\t\t<\/div>\n\t\t\t\t<\/div>\n\t\t\t\t<div class=\"elementor-element elementor-element-250f5a74 elementor-widget elementor-widget-text-editor\" data-id=\"250f5a74\" data-element_type=\"widget\" data-widget_type=\"text-editor.default\">\n\t\t\t\t<div class=\"elementor-widget-container\">\n\t\t\t\t\t\t\t\t\t<figure class=\"wp-block-table\">\n<table class=\"has-palette-color-1-background-color has-background has-fixed-layout\">\n<thead>\n<tr>\n<td><strong>Registration Options\u00a0<\/strong><\/td>\n<td><strong>Early Registration<br \/>(Before July 1, 2025)<\/strong><\/td>\n<td><strong>Late Registration<br \/>\u00a0(After July 1, 2025)<\/strong><\/td>\n<\/tr>\n<\/thead>\n<tbody>\n<tr>\n<td>STI Member Doctor Registration<\/td>\n<td>9.800 TL +KDV<\/td>\n<td>12.250 TL +KDV<\/td>\n<\/tr>\n<tr>\n<td>STI Non-Member Doctor Registration<\/td>\n<td>13.475 TL +KDV<\/td>\n<td>15.925 TL +KDV<\/td>\n<\/tr>\n<tr>\n<td>Hekim D\u0131\u015f\u0131 Sa\u011fl\u0131k \u00c7al\u0131\u015fan\u0131 Kay\u0131t<\/td>\n<td>7.350 TL +KDV<\/td>\n<td>8.575 TL +KDV<\/td>\n<\/tr>\n<\/tbody>\n<\/table>\n<\/figure>\t\t\t\t\t\t\t\t<\/div>\n\t\t\t\t<\/div>\n\t\t\t\t<div class=\"elementor-element elementor-element-d040d0e elementor-widget elementor-widget-text-editor\" data-id=\"d040d0e\" data-element_type=\"widget\" data-widget_type=\"text-editor.default\">\n\t\t\t\t<div class=\"elementor-widget-container\">\n\t\t\t\t\t\t\t\t\t<ol>\n<li>Participation in all scientific activities, certificate of participation, lunches, coffee breaks<\/li>\n<li>The above prices are excluding VAT. Any changes that may occur in tax rates are reflected at the same rate.<\/li>\n<li>If payments are not made based on early registration fees, budgets will be automatically renewed based on late registration fees.<\/li>\n<li><strong>Congress registration fees will be paid to the association account. You can contact the association for detailed information and payment procedures.<\/strong><\/li>\n<\/ol>\t\t\t\t\t\t\t\t<\/div>\n\t\t\t\t<\/div>\n\t\t\t\t<div class=\"elementor-element elementor-element-8d02150 elementor-widget elementor-widget-text-editor\" data-id=\"8d02150\" data-element_type=\"widget\" data-widget_type=\"text-editor.default\">\n\t\t\t\t<div class=\"elementor-widget-container\">\n\t\t\t\t\t\t\t\t\t<div class=\"wp-block-column\">\n<p><strong>Asscociation Contact Information:<\/strong><br \/><strong>General Secretary:<\/strong> Fatma Erg\u00fczel \u015eahin<br \/><strong>E-Mail: <\/strong>tuyud@tuyud.org.tr<br \/><strong>GSM:<\/strong> +90 541 426 67 09<\/p>\n<\/div>\n<p>\u00a0<\/p>\n<p>\u00a0<\/p>\n<p><!-- \/wp:column --><!-- wp:column --><\/p>\n<div class=\"wp-block-column\">\n<p><!-- wp:paragraph --><\/p>\n<p><strong>Turkish Society of Intensive Care Specialists Economic Enterprise<\/strong><br \/>CUMHUR\u0130YET VD 8760620395<br \/><strong>Client Number<\/strong> 10641641<br \/><strong>Branch<\/strong> 483-HACETTEPE BRANCH<br \/><strong>IBAN\/ Account No:<\/strong> TR030006701000000090453805<\/p>\n<\/div>\t\t\t\t\t\t\t\t<\/div>\n\t\t\t\t<\/div>\n\t\t\t\t<div class=\"elementor-element elementor-element-1500e6b elementor-align-center elementor-widget elementor-widget-button\" data-id=\"1500e6b\" data-element_type=\"widget\" data-widget_type=\"button.default\">\n\t\t\t\t<div class=\"elementor-widget-container\">\n\t\t\t\t\t\t\t\t\t<div class=\"elementor-button-wrapper\">\n\t\t\t\t\t<a class=\"elementor-button elementor-button-link elementor-size-sm\" href=\"https:\/\/payment.brosgroup.net\/2025yogunbakim\/\" target=\"_blank\">\n\t\t\t\t\t\t<span class=\"elementor-button-content-wrapper\">\n\t\t\t\t\t\t\t\t\t<span class=\"elementor-button-text\">CLICK HERE TO REGISTER ONLINE!<\/span>\n\t\t\t\t\t<\/span>\n\t\t\t\t\t<\/a>\n\t\t\t\t<\/div>\n\t\t\t\t\t\t\t\t<\/div>\n\t\t\t\t<\/div>\n\t\t\t\t<div class=\"elementor-element elementor-element-ed982f3 elementor-widget elementor-widget-heading\" data-id=\"ed982f3\" data-element_type=\"widget\" data-widget_type=\"heading.default\">\n\t\t\t\t<div class=\"elementor-widget-container\">\n\t\t\t\t\t<h4 class=\"elementor-heading-title elementor-size-default\">ACCOMMODATION<\/h4>\t\t\t\t<\/div>\n\t\t\t\t<\/div>\n\t\t\t\t<div class=\"elementor-element elementor-element-ad17f74 elementor-widget elementor-widget-text-editor\" data-id=\"ad17f74\" data-element_type=\"widget\" data-widget_type=\"text-editor.default\">\n\t\t\t\t<div class=\"elementor-widget-container\">\n\t\t\t\t\t\t\t\t\t<figure class=\"wp-block-table\">\n<table class=\"has-fixed-layout\">\n<thead>\n<tr>\n<td><strong>Limak Atlantis Deluxe Hotel<\/strong><\/td>\n<td><strong>Single Room Accommodation Fee<\/strong><\/td>\n<td><strong>Single Room Fee Per Person<\/strong><\/td>\n<\/tr>\n<\/thead>\n<tbody>\n<tr>\n<td>Participant Accommodation Package<\/td>\n<td>41.160 TL +KDV<\/td>\n<td>33.810 TL+KDV<\/td>\n<\/tr>\n<\/tbody>\n<\/table>\n<\/figure>\n<p><!-- \/wp:table --><\/p>\t\t\t\t\t\t\t\t<\/div>\n\t\t\t\t<\/div>\n\t\t\t\t<div class=\"elementor-element elementor-element-8b78c6c elementor-widget elementor-widget-text-editor\" data-id=\"8b78c6c\" data-element_type=\"widget\" data-widget_type=\"text-editor.default\">\n\t\t\t\t<div class=\"elementor-widget-container\">\n\t\t\t\t\t\t\t\t\t<ol>\n<li>The above package prices include 3 nights all-inclusive accommodation between 27-30 November 2025.<\/li>\n<li><!-- \/wp:list-item --><!-- wp:list-item -->If the above accommodation fees are not paid by 1 July 2025, 15% late accommodation fee will be added.<\/li>\n<li>If the above late accommodation fees are not paid until 25 November, an additional 15% on-site accommodation fee will be added to the late accommodation fee.<\/li>\n<li>Kongre bilimsel aktiviteleri s\u00fcresince kongre otelinde konaklamayan ve konaklama hizmetini kongre acentesinden almayan kat\u0131l\u0131mc\u0131lardan ya da sponsorlar\u0131ndan, otel taraf\u0131ndan talep edilen d\u0131\u015f kat\u0131l\u0131mc\u0131 bedeli ayr\u0131ca tahsil edilecektir. Kongre d\u0131\u015f kat\u0131l\u0131mc\u0131 bedeli g\u00fcnl\u00fck 3.920 TL + KDV+ KDV\u2019dir.<\/li>\n<li>Refakat\u00e7i \u00fccreti Dernek \u00fcyesi hekimlerin ailelerine gecelik 3.675 TL+ KDV\u2019dir. Dernek \u00fcyesi olmayan hekim aileleri i\u00e7in gecelik 11.270 TL + KDV\u2019dir.<\/li>\n<li>The above prices are excluding VAT. Any changes that may occur in tax rates are reflected at the same rate.<\/li>\n<li>Double room difference will be added to the single room fee.<\/li>\n<\/ol>\t\t\t\t\t\t\t\t<\/div>\n\t\t\t\t<\/div>\n\t\t\t\t\t<\/div>\n\t\t\t\t<\/div>\n\t\t<div class=\"elementor-element elementor-element-82e748a e-flex e-con-boxed e-con e-parent\" data-id=\"82e748a\" data-element_type=\"container\">\n\t\t\t\t\t<div class=\"e-con-inner\">\n\t\t\t\t\t<\/div>\n\t\t\t\t<\/div>\n\t\t\t\t<\/div>","protected":false},"excerpt":{"rendered":"<p>KAYIT Kay\u0131t Se\u00e7enekleri\u00a0 Erken Kay\u0131t( 1 Temmuz 2025 \u00d6ncesi ) Ge\u00e7 Kay\u0131t\u00a0( 1 Temmuz 2025 Sonras\u0131 ) T\u00dcYUD \u00dcyesi Hekim Kay\u0131t 9.800 TL +KDV 12.250 TL +KDV T\u00dcYUD \u00dcyesi Olmayan Hekim Kay\u0131t 13.475 TL +KDV 15.925 TL +KDV Hekim D\u0131\u015f\u0131 Sa\u011fl\u0131k \u00c7al\u0131\u015fan\u0131 Kay\u0131t 7.350 TL +KDV 8.575 TL +KDV T\u00fcm bilimsel aktivitelere kat\u0131l\u0131m, kat\u0131l\u0131m belgesi, [&hellip;]<\/p>","protected":false},"author":1,"featured_media":0,"parent":0,"menu_order":0,"comment_status":"closed","ping_status":"closed","template":"","meta":{"footnotes":""},"class_list":["post-49","page","type-page","status-publish","hentry"],"blocksy_meta":[],"_links":{"self":[{"href":"https:\/\/yogunbakim2025.org\/en\/wp-json\/wp\/v2\/pages\/49","targetHints":{"allow":["GET"]}}],"collection":[{"href":"https:\/\/yogunbakim2025.org\/en\/wp-json\/wp\/v2\/pages"}],"about":[{"href":"https:\/\/yogunbakim2025.org\/en\/wp-json\/wp\/v2\/types\/page"}],"author":[{"embeddable":true,"href":"https:\/\/yogunbakim2025.org\/en\/wp-json\/wp\/v2\/users\/1"}],"replies":[{"embeddable":true,"href":"https:\/\/yogunbakim2025.org\/en\/wp-json\/wp\/v2\/comments?post=49"}],"version-history":[{"count":47,"href":"https:\/\/yogunbakim2025.org\/en\/wp-json\/wp\/v2\/pages\/49\/revisions"}],"predecessor-version":[{"id":1551,"href":"https:\/\/yogunbakim2025.org\/en\/wp-json\/wp\/v2\/pages\/49\/revisions\/1551"}],"wp:attachment":[{"href":"https:\/\/yogunbakim2025.org\/en\/wp-json\/wp\/v2\/media?parent=49"}],"curies":[{"name":"wp","href":"https:\/\/api.w.org\/{rel}","templated":true}]}}