{"id":53,"date":"2024-01-02T15:48:44","date_gmt":"2024-01-02T12:48:44","guid":{"rendered":"https:\/\/yogunbakim2025.org\/?page_id=53"},"modified":"2025-10-25T11:35:04","modified_gmt":"2025-10-25T08:35:04","slug":"bildiri-gonderimi","status":"publish","type":"page","link":"https:\/\/yogunbakim2025.org\/en\/bildiri-gonderimi\/","title":{"rendered":"Abstracts"},"content":{"rendered":"<div data-elementor-type=\"wp-page\" data-elementor-id=\"53\" class=\"elementor elementor-53\" data-elementor-post-type=\"page\">\n\t\t\t\t<div class=\"elementor-element elementor-element-390f121f e-flex e-con-boxed e-con e-parent\" data-id=\"390f121f\" data-element_type=\"container\">\n\t\t\t\t\t<div class=\"e-con-inner\">\n\t\t<div class=\"elementor-element elementor-element-854e5ba e-con-full e-flex e-con e-child\" data-id=\"854e5ba\" data-element_type=\"container\" data-settings=\"{&quot;background_background&quot;:&quot;classic&quot;}\">\n\t\t\t\t<div class=\"elementor-element elementor-element-f97f25a elementor-widget elementor-widget-text-editor\" data-id=\"f97f25a\" data-element_type=\"widget\" data-widget_type=\"text-editor.default\">\n\t\t\t\t<div class=\"elementor-widget-container\">\n\t\t\t\t\t\t\t\t\t<p style=\"text-align: center;\"><strong>G\u00f6nderilen bildiriler Journal of Intensive and Critical Care\u2019da yay\u0131nlanacakt\u0131r.<\/strong><\/p>\t\t\t\t\t\t\t\t<\/div>\n\t\t\t\t<\/div>\n\t\t\t\t<\/div>\n\t\t\t\t<div class=\"elementor-element elementor-element-1a560137 elementor-widget elementor-widget-text-editor\" data-id=\"1a560137\" data-element_type=\"widget\" data-widget_type=\"text-editor.default\">\n\t\t\t\t<div class=\"elementor-widget-container\">\n\t\t\t\t\t\t\t\t\t<p>Papers will be presented orally and as electronic posters at the 21st National Congress of the Turkish Society of Intensive Care Specialists and the 13th Afro-Eurasian Meeting.<\/p>\n<p>Abstracts should include rare cases or interesting situations in animal or human research discussing intensive care and critical care results, or high-quality case reports. Abstracts must adhere to universal ethical standards. Ethics committee approvals for clinical research and compliance with our country's laws will be required.<\/p>\n<p>Bildiri Komitesi, \u00e7al\u0131\u015fman\u0131n i\u00e7eri\u011fine g\u00f6re bildiriyi kabul veya reddetme, kabul etmesi halinde sunumun \u015feklini de\u011fi\u015ftirme hakk\u0131na sahiptir. Olgu sunumlar\u0131 s\u00f6zel sunum olarak <strong>KABUL ED\u0130LMEYECEKT\u0130R<\/strong>.<\/p>\t\t\t\t\t\t\t\t<\/div>\n\t\t\t\t<\/div>\n\t\t\t\t<div class=\"elementor-element elementor-element-944a39c elementor-align-center elementor-widget elementor-widget-button\" data-id=\"944a39c\" data-element_type=\"widget\" data-widget_type=\"button.default\">\n\t\t\t\t<div class=\"elementor-widget-container\">\n\t\t\t\t\t\t\t\t\t<div class=\"elementor-button-wrapper\">\n\t\t\t\t\t<a class=\"elementor-button elementor-button-link elementor-size-sm\" href=\"https:\/\/abstractagent.com\/2025yogunbakim\/\" target=\"_blank\">\n\t\t\t\t\t\t<span class=\"elementor-button-content-wrapper\">\n\t\t\t\t\t\t\t\t\t<span class=\"elementor-button-text\">Click Here To Abstract Submission<\/span>\n\t\t\t\t\t<\/span>\n\t\t\t\t\t<\/a>\n\t\t\t\t<\/div>\n\t\t\t\t\t\t\t\t<\/div>\n\t\t\t\t<\/div>\n\t\t\t\t<div class=\"elementor-element elementor-element-07826ef elementor-widget elementor-widget-text-editor\" data-id=\"07826ef\" data-element_type=\"widget\" data-widget_type=\"text-editor.default\">\n\t\t\t\t<div class=\"elementor-widget-container\">\n\t\t\t\t\t\t\t\t\t\n<h4 class=\"translation-block\">Abstracts Submission Rules<\/h4>\n\n<ul class=\"wp-block-list\">\n<li>Abstracts should be submitted through the online paper system on the congress page. Abstracts submitted by email or mail will not be accepted.<\/li>\n\n<li>Initially, registration as a new user is required. Please ensure that all information, especially the email address, is correctly recorded during registration.<\/li>\n\n<li>Submitted abstracts must not have been presented at any national meeting before and must not have been published in a national\/international journal.<\/li>\n\n<li>Abstracts should be uploaded in Turkish or English and should not exceed 400 words, excluding title and author information.<\/li>\n\n<li>Use Arial format with 11-point font, including tables or figures.<\/li>\n\n<li>Abbreviations in the abstract content should be clearly written when first used.<\/li>\n\n<li>The title should be in bold and without abbreviations.<\/li>\n\n<li>Authors: Names and affiliations should be entered separately. Relevant authors should provide email and phone numbers for communication. Academic titles should not be used for author names.<\/li>\n\n<li>Paper abstracts should include the following sections, and the content of each section should be written in the space provided on the online abstract registration page.<\/li>\n<\/ul>\n\n<p>1. Case Reports and Case Series:<\/p>\n\n<ul class=\"wp-block-list\">\n<li>Introduction<\/li>\n\n<li>Case(s)<\/li>\n\n<li>Discussion and Conclusion<\/li>\n\n<li>References (if any)<\/li>\n<\/ul>\n\n<p>2. Research Studies:<\/p>\n\n<ul class=\"wp-block-list\">\n<li>Introduction and Aim<\/li>\n\n<li>Patients and Methods<\/li>\n\n<li>Findings<\/li>\n\n<li>Discussion and Conclusion<\/li>\n\n<li>References (if any, <strong>maximum 2 references<\/strong>, Vancouver style)<\/li>\n\n<li>Keywords: Up to 5 keywords in accordance with MeSH.<\/li>\n<\/ul>\n\n<ul class=\"wp-block-list\">\n<li>A high-resolution jpeg or png format table or figure should be uploaded. The table title should be written above, and the figure title should be written below the figure.<\/li>\n<\/ul>\n\n<h4><strong>Evaluation of Abstracts<\/strong><\/h4>\n\n<ul class=\"wp-block-list\">\n<li>All papers will be subject to peer and blind evaluation by the Paper Evaluation Committee. Committee members will examine the content, language, and innovative contributions to the literature of the abstracts. The acceptance of an abstract will be made after the referee's evaluation. The Congress Organization Committee reserves the right to make the final decision on the presentation format, and the decision will be communicated to the relevant author.<\/li>\n\n<li>Ongoing studies and works that do not include the mentioned abstract sections will not be considered for evaluation.<\/li>\n\n<li>Case presentations should aim to share experiences on special and rare cases, contributing to increased awareness. Abstracts that do not serve this purpose and do not adhere to the structured format will not be accepted.<\/li>\n\n<li>Acceptance of papers will be communicated to the author's email address by uploading to the system as 'ACCEPT' or 'REJECT,' based on referee evaluations.<\/li>\n\n<li>To be published in the congress abstract book, accepted papers must have completed congress registration and must have been presented at the congress. Papers not presented will be excluded from the abstract book.<\/li>\n<\/ul>\n\n<h4><strong>E-Poster Preparation Rules<\/strong><\/h4>\n\n<ul class=\"wp-block-list\">\n<li>Posters will not be physically displayed at the congress center.<\/li>\n\n<li>E-Poster presentations should be prepared in PowerPoint (PPT) format, with each e-poster presentation consisting of a single slide.<\/li>\n\n<li>E-Poster presentations must adhere to specific dimensions and should be uploaded to the congress page.<\/li>\n\n<li>E-Poster sessions will be held at designated times in poster discussion areas.<\/li>\n<li><strong>Poster Template dosyas\u0131 i\u00e7in<\/strong> <strong><a href=\"https:\/\/yogunbakim2025.org\/docs\/TUYUD-2025-Poster-Template.pptx\" target=\"_blank\" rel=\"noopener\">t\u0131klay\u0131n\u0131z<\/a><\/strong>.<\/li>\n<\/ul>\n\n<h4><strong>Oral Presentation Preparation Rules:<\/strong><\/h4>\n\n<ul class=\"wp-block-list\">\n<li>PowerPoint (PPT) presentations should be uploaded to the system in areas prepared by the Congress organization, and presentation times should be adhered to.<\/li>\n<li><strong>S\u00f6zl\u00fc Sunum Template dosyas\u0131 i\u00e7in<\/strong> <strong><a href=\"https:\/\/yogunbakim2025.org\/docs\/TUYUD-2025-16x9.pptx\" target=\"_blank\" rel=\"noopener\">t\u0131klay\u0131n\u0131z<\/a><\/strong>.<\/li>\n<\/ul>\n\n<p>Regarding Copyright and Publication of Abstracts, copyright and publication permissions related to abstract submission will be transferred to the Society of Turkish Intensivists.<\/p>\n\t\t\t\t\t\t\t\t<\/div>\n\t\t\t\t<\/div>\n\t\t\t\t\t<\/div>\n\t\t\t\t<\/div>\n\t\t\t\t<\/div>","protected":false},"excerpt":{"rendered":"<p>G\u00f6nderilen bildiriler Journal of Intensive and Critical Care\u2019da yay\u0131nlanacakt\u0131r. T\u00fcrk Yo\u011fun Bak\u0131m Uzmanlar\u0131 Derne\u011fi 21.Ulusal Kongresi ve 13. Afro-Avrasya Toplant\u0131s\u0131\u2019nda bildiriler S\u00f6zl\u00fc ve elektronik poster olarak sunulacakt\u0131r. Bildiri \u00f6zetleri, yo\u011fun bak\u0131m ve kritik bak\u0131m alan\u0131nda nadir vakalar\u0131 veya ilgin\u00e7 durumlar\u0131 tart\u0131\u015fan hayvan veya insan ara\u015ft\u0131rma sonu\u00e7lar\u0131n\u0131 veya y\u00fcksek kaliteli vaka raporlar\u0131n\u0131 i\u00e7ermelidir. \u00d6zetler evrensel etik [&hellip;]<\/p>","protected":false},"author":1,"featured_media":0,"parent":0,"menu_order":0,"comment_status":"closed","ping_status":"closed","template":"","meta":{"footnotes":""},"class_list":["post-53","page","type-page","status-publish","hentry"],"blocksy_meta":[],"_links":{"self":[{"href":"https:\/\/yogunbakim2025.org\/en\/wp-json\/wp\/v2\/pages\/53","targetHints":{"allow":["GET"]}}],"collection":[{"href":"https:\/\/yogunbakim2025.org\/en\/wp-json\/wp\/v2\/pages"}],"about":[{"href":"https:\/\/yogunbakim2025.org\/en\/wp-json\/wp\/v2\/types\/page"}],"author":[{"embeddable":true,"href":"https:\/\/yogunbakim2025.org\/en\/wp-json\/wp\/v2\/users\/1"}],"replies":[{"embeddable":true,"href":"https:\/\/yogunbakim2025.org\/en\/wp-json\/wp\/v2\/comments?post=53"}],"version-history":[{"count":24,"href":"https:\/\/yogunbakim2025.org\/en\/wp-json\/wp\/v2\/pages\/53\/revisions"}],"predecessor-version":[{"id":1542,"href":"https:\/\/yogunbakim2025.org\/en\/wp-json\/wp\/v2\/pages\/53\/revisions\/1542"}],"wp:attachment":[{"href":"https:\/\/yogunbakim2025.org\/en\/wp-json\/wp\/v2\/media?parent=53"}],"curies":[{"name":"wp","href":"https:\/\/api.w.org\/{rel}","templated":true}]}}