{"id":59,"date":"2024-01-02T15:49:24","date_gmt":"2024-01-02T12:49:24","guid":{"rendered":"https:\/\/yogunbakim2025.org\/?page_id=59"},"modified":"2025-01-31T15:08:45","modified_gmt":"2025-01-31T12:08:45","slug":"iletisim","status":"publish","type":"page","link":"https:\/\/yogunbakim2025.org\/en\/iletisim\/","title":{"rendered":"Contact"},"content":{"rendered":"<h4 class=\"wp-block-heading\">Organization Secretariat<\/h4>\n\n\n\n<figure class=\"wp-block-image size-full is-resized\"><img fetchpriority=\"high\" decoding=\"async\" width=\"589\" height=\"219\" src=\"https:\/\/yogunbakim2025.org\/wp-content\/uploads\/2024\/01\/Bros_Group_logo.png\" alt=\"\" class=\"wp-image-94\" style=\"width:191px;height:auto\" srcset=\"https:\/\/yogunbakim2025.org\/wp-content\/uploads\/2024\/01\/Bros_Group_logo.png 589w, https:\/\/yogunbakim2025.org\/wp-content\/uploads\/2024\/01\/Bros_Group_logo-300x112.png 300w, https:\/\/yogunbakim2025.org\/wp-content\/uploads\/2024\/01\/Bros_Group_logo-18x7.png 18w\" sizes=\"(max-width: 589px) 100vw, 589px\" \/><\/figure>\n\n\n\n<p><strong>Tu\u011fba \u00c7etin<\/strong><br><a href=\"mailto:tugba.cetin@brosgroup.net\">tugba.cetin@brosgroup.net<\/a><br>Esentepe Neighborhood, Saglam Fikir Street, Esen Palas Apt. Block A No: 2 D: 9 Esentepe \u2013 \u015ei\u015fli \u2013 Istanbul<br>Phn.: +90 (212) 296 66 70<br>Fax: +90 (212) 296 66 71<\/p>","protected":false},"excerpt":{"rendered":"<p>Organizasyon Sekretaryas\u0131 Tu\u011fba \u00c7etintugba.cetin@brosgroup.netEsentepe Mah. Sa\u011flam Fikir Sok. Esen Palas Apt. A Blok No:2 D:9 Esentepe \u2013 \u015ei\u015fli \u2013 \u0130stanbulTel: +90 (212) 296 66 70Fax: +90 (212) 296 66 71<\/p>","protected":false},"author":1,"featured_media":0,"parent":0,"menu_order":0,"comment_status":"closed","ping_status":"closed","template":"","meta":{"footnotes":""},"class_list":["post-59","page","type-page","status-publish","hentry"],"blocksy_meta":[],"_links":{"self":[{"href":"https:\/\/yogunbakim2025.org\/en\/wp-json\/wp\/v2\/pages\/59","targetHints":{"allow":["GET"]}}],"collection":[{"href":"https:\/\/yogunbakim2025.org\/en\/wp-json\/wp\/v2\/pages"}],"about":[{"href":"https:\/\/yogunbakim2025.org\/en\/wp-json\/wp\/v2\/types\/page"}],"author":[{"embeddable":true,"href":"https:\/\/yogunbakim2025.org\/en\/wp-json\/wp\/v2\/users\/1"}],"replies":[{"embeddable":true,"href":"https:\/\/yogunbakim2025.org\/en\/wp-json\/wp\/v2\/comments?post=59"}],"version-history":[{"count":4,"href":"https:\/\/yogunbakim2025.org\/en\/wp-json\/wp\/v2\/pages\/59\/revisions"}],"predecessor-version":[{"id":1178,"href":"https:\/\/yogunbakim2025.org\/en\/wp-json\/wp\/v2\/pages\/59\/revisions\/1178"}],"wp:attachment":[{"href":"https:\/\/yogunbakim2025.org\/en\/wp-json\/wp\/v2\/media?parent=59"}],"curies":[{"name":"wp","href":"https:\/\/api.w.org\/{rel}","templated":true}]}}