{"id":942,"date":"2024-11-18T14:39:59","date_gmt":"2024-11-18T11:39:59","guid":{"rendered":"https:\/\/yogunbakim2025.org\/?page_id=942"},"modified":"2025-12-19T10:59:30","modified_gmt":"2025-12-19T07:59:30","slug":"sozlu-bildiriler","status":"publish","type":"page","link":"https:\/\/yogunbakim2025.org\/en\/sozlu-bildiriler\/","title":{"rendered":"Oral Presentations"},"content":{"rendered":"<div data-elementor-type=\"wp-page\" data-elementor-id=\"942\" class=\"elementor elementor-942\" data-elementor-post-type=\"page\">\n\t\t\t\t<div class=\"elementor-element elementor-element-7121327 e-flex e-con-boxed e-con e-parent\" data-id=\"7121327\" data-element_type=\"container\">\n\t\t\t\t\t<div class=\"e-con-inner\">\n\t\t\t\t<div class=\"elementor-element elementor-element-4ab45c2 elementor-widget elementor-widget-html\" data-id=\"4ab45c2\" data-element_type=\"widget\" data-widget_type=\"html.default\">\n\t\t\t\t<div class=\"elementor-widget-container\">\n\t\t\t\t\t\t\t<style>\n\t\thr{border: #8E8E8E solid 0.3px;}\n\t\t\n\ttable.liste { color:#333333;\tline-height: 1.3 !important; font-size: 10pt;}\ntable.liste th {\tpadding: 10px; font-size: 11pt; background: #4D4D4D; color: #fff;\n\t\n}\ntable.liste td { vertical-align: top;\n\t\n\tpadding: 5px;\n\tborder-bottom:#8C8C8C 0.0005em solid;\n    border-right:#8C8C8C 0.0005em solid;\n\t\n}\t\n\t\t\n         \n\n\t\t\n    \t\n\n\n\n.name1 {font-weight: 800; font-style: italic; color: #2C2C2C}\n.name1 {font-weight: 800; font-style: italic; color: #2C2C2C}\n<\/style>\n\n\n<!-- 21 Kas\u0131m -->\n\n<div style=\"overflow: auto;\">\n  <table cellpadding=\"0\" cellspacing=\"0\" class=\"liste\">\n<thead>\n    <tr>\n      <th>Oturum   Bilgisi<\/th>\n      <th>Sunum Tarihi<\/th>\n      <th>Sunum Ba\u015flang\u0131\u00e7<\/th>\n      <th>Sunum Biti\u015f<\/th>\n      <th>Sunum No<\/th>\n      <th>Bildiri   Ba\u015fl\u0131\u011f\u0131<\/th>\n      <th>Sunan Yazar<\/th>\n    <\/tr>\n    \n      <\/thead>\n    <tr>\n      <td rowspan=\"7\">S\u00f6zl\u00fc Bildiriler Oturumu -1<br>\n        08:15-09:15<\/td>\n      <td >28.Kas.25<\/td>\n      <td >08:15<\/td>\n      <td >08:23<\/td>\n      <td>SS-01<\/td>\n      <td>Predicting   Cardiovascular Collapse in Critically Ill Patients During Intubation   Induction: A Prospective Observational Study<\/td>\n      <td>\u00d6mer Emgin<\/td>\n    <\/tr>\n    <tr>\n      <td >28.Kas.25<\/td>\n      <td >08:23<\/td>\n      <td >08:31<\/td>\n      <td>SS-02<\/td>\n      <td>Enfeksiyon Kontrol   Ekibinin ve Sa\u011fl\u0131k \u00c7al\u0131\u015fanlar\u0131n\u0131n Multi Model Sistemi Hakk\u0131ndaki Alg\u0131lar\u0131:   \u00c7ok Merkezli \u00d6z-De\u011ferlendirme Anketinden G\u00f6r\u00fc\u015fler<\/td>\n      <td>Esma Eryilmaz-Eren<\/td>\n    <\/tr>\n    <tr>\n      <td >28.Kas.25<\/td>\n      <td >08:31<\/td>\n      <td >09:39<\/td>\n      <td>SS-03<\/td>\n      <td>The Relationship   Between Ultrasonographic Rectus Femoris and Parasternal Intercostal Muscle   Thickness Measurement and Nutritional Status in Critically Ill Patients, and   the Impact of Muscle Thickness on Weaning Outcomes<\/td>\n      <td>Muhammet Topcu<\/td>\n    <\/tr>\n    <tr>\n      <td >28.Kas.25<\/td>\n      <td >08:39<\/td>\n      <td >08:47<\/td>\n      <td>SS-04<\/td>\n      <td>Yo\u011fun Bak\u0131mda   Mortaliteyi Etkileyen Fakt\u00f6rler: Dijital Hastane Altyap\u0131s\u0131, Klinik Karar   Destek Sistemleri ve Sedasyon Y\u00f6netiminin \u00d6nemi<\/td>\n      <td>Elif Kaya<\/td>\n    <\/tr>\n    <tr>\n      <td >28.Kas.25<\/td>\n      <td >08:47<\/td>\n      <td >08:55<\/td>\n      <td>SS-05<\/td>\n      <td>Vankomisin Uygulanan   Kritik Hastalarda Farmakokinetik Hedeflere Ula\u015fabiliyor muyuz?: Risk   Fakt\u00f6rleri ve Terap\u00f6tik \u0130zlem Uyumsuzluklar\u0131<\/td>\n      <td>Nursel S\u00fcrmelio\u011flu<\/td>\n    <\/tr>\n    <tr>\n      <td >28.Kas.25<\/td>\n      <td >08:55<\/td>\n      <td >09:03<\/td>\n      <td>SS-06<\/td>\n      <td>Yo\u011fun Bak\u0131mdaki   Sepsis Hastalar\u0131nda Renal Angina \u0130ndeksi Ve Doku Perf\u00fczyon G\u00f6stergelerinin   Akut B\u00f6brek Hasar\u0131 Geli\u015fimini Ve Evresini \u00d6ng\u00f6rmedeki Yeri<\/td>\n      <td>Kaniye Ayd\u0131n<\/td>\n    <\/tr>\n    <tr>\n      <td >28.Kas.25<\/td>\n      <td >09:03<\/td>\n      <td >09:11<\/td>\n      <td>SS-07<\/td>\n      <td>Yo\u011fun Bak\u0131mda \u0130zlenen   Hastalarda Sitomegalovir\u00fcs Viremisi: S\u0131kl\u0131k, Risk Fakt\u00f6rleri ve Klinik   Sonlan\u0131m \u00dczerine Etkisi<\/td>\n      <td>Bar\u0131\u015f Bah\u00e7ekap\u0131l\u0131<\/td>\n    <\/tr>\n    <tr>\n      <td rowspan=\"7\">S\u00f6zl\u00fc Bildiriler Oturumu -2<br>\n        08:15-09:15<\/td>\n      <td >28.Kas.25<\/td>\n      <td >08:15<\/td>\n      <td >08:23<\/td>\n      <td>SS-08<\/td>\n      <td>Bir \u0130\u00e7 Hastal\u0131klar\u0131   Yo\u011fun Bak\u0131m \u00dcnitesinde Yat\u0131\u015fta Bas\u0131 Yaras\u0131 Varl\u0131\u011f\u0131 ve Takipte \u0130lerleme   G\u00f6stermesinin Yo\u011fun Bak\u0131m Sonu\u00e7lar\u0131 ile \u0130li\u015fkisi<\/td>\n      <td>Ali Osman Ta\u015f<\/td>\n    <\/tr>\n    <tr>\n      <td >28.Kas.25<\/td>\n      <td >08:23<\/td>\n      <td >08:31<\/td>\n      <td>SS-09<\/td>\n      <td>Audit and Re-Audit:   Effect of Regular Endotracheal Tube Cuff Pressure Monitoring on Prevention of   Tracheoesophageal Fistula (TOF) in ICU Patients<\/td>\n      <td>Rafi Giri\u015fken<\/td>\n    <\/tr>\n    <tr>\n      <td >28.Kas.25<\/td>\n      <td >08:31<\/td>\n      <td >09:39<\/td>\n      <td>SS-10<\/td>\n      <td>Plazma Presepsin   D\u00fczeyinin Sepsis Tan\u0131 ve Prognozundaki yeri, Prospektif \u00c7al\u0131\u015fma<\/td>\n      <td>Ali Cetinkaya<\/td>\n    <\/tr>\n    <tr>\n      <td >28.Kas.25<\/td>\n      <td >08:39<\/td>\n      <td >08:47<\/td>\n      <td>SS-11<\/td>\n      <td>Sepsis Hastalar\u0131nda   Prognostik Nutrisyon \u0130ndeksi ile N\u00f6trofil\/Lenfosit Oran\u0131n\u0131n Prognoz \u00dczerine   Etkisi ve Ya\u015fa G\u00f6re Kar\u015f\u0131la\u015ft\u0131r\u0131lmas\u0131<\/td>\n      <td>Elif \u00c7olako\u011flu<\/td>\n    <\/tr>\n    <tr>\n      <td >28.Kas.25<\/td>\n      <td >08:47<\/td>\n      <td >08:55<\/td>\n      <td>SS-12<\/td>\n      <td>Travma D\u0131\u015f\u0131 Kanaman\u0131n   Klinik \u00d6zellikleri ve Mortalitesini etkileyen fakt\u00f6rler: Prospektif G\u00f6zlemsel   Bir \u00c7al\u0131\u015fma<\/td>\n      <td>Ya\u011f\u0131z Ka\u011fan Erg\u00fcn<\/td>\n    <\/tr>\n    <tr>\n      <td >28.Kas.25<\/td>\n      <td >08:55<\/td>\n      <td >09:03<\/td>\n      <td>SS-13<\/td>\n      <td>Enteral Nutrisyon   Uygulamalar\u0131nda Rehber Uyumu Ve Klinik Sonu\u00e7lar: Kontrol D\u00f6nemi Bulgular\u0131<\/td>\n      <td>Erdem Yal\u00e7\u0131nkaya<\/td>\n    <\/tr>\n    <tr>\n      <td >28.Kas.25<\/td>\n      <td >09:03<\/td>\n      <td >09:11<\/td>\n      <td>SS-14<\/td>\n      <td>Pandemi D\u00f6neminde Tam   Otomatik Kapal\u0131 Devre Ventilasyon Modunun (INTELLIVENT-ASV) Uygulanabilirli\u011fi   ve G\u00fcvenli\u011fi: Pilot \u00c7al\u0131\u015fma<\/td>\n      <td>Saba Acarbay<\/td>\n    <\/tr>\n    <tr>\n      <td rowspan=\"6\">S\u00f6zl\u00fc Bildiriler Oturumu -3<br>\n        08:15-09:15<\/td>\n      <td >29.Kas.25<\/td>\n      <td >08:15<\/td>\n      <td >08:23<\/td>\n      <td>SS-15<\/td>\n      <td>CCL4 Seviyelerinin   Sepsisle \u0130li\u015fkili AKI&rsquo;de Klinik Prognostik Potansiyeli:Tek Merkezli Bir   G\u00f6zlemsel \u00c7al\u0131\u015fma<\/td>\n      <td>Hatice K\u00fcbra Zenger   \u0130lik<\/td>\n    <\/tr>\n    <tr>\n      <td >29.Kas.25<\/td>\n      <td >08:23<\/td>\n      <td >08:31<\/td>\n      <td>SS-16<\/td>\n      <td>Travmatik beyin   hasar\u0131 olan hastalarda mortalitenin biyobelirteci olarak Gas6, Axl Ve Tyro3:   prospektif g\u00f6zlemsel bir \u00e7al\u0131\u015fma<\/td>\n      <td>sevda onuk<\/td>\n    <\/tr>\n    <tr>\n      <td >29.Kas.25<\/td>\n      <td >08:39<\/td>\n      <td >08:47<\/td>\n      <td>SS-18<\/td>\n      <td>Suppression of   Antiviral and Antifungal Immunity in ICU Patients Following   Earthquake-Related Crush Injury<\/td>\n      <td>Ahmet Safa Kaynar<\/td>\n    <\/tr>\n    <tr>\n      <td >29.Kas.25<\/td>\n      <td >08:47<\/td>\n      <td >08:55<\/td>\n      <td>SS-19<\/td>\n      <td>Yo\u011fun Bak\u0131m   \u00dcnitesinde Santral Ven\u00f6z Kateterlerde Alkoll\u00fc Kapak Kullan\u0131m\u0131n\u0131n Santral   Kateter \u0130li\u015fkili Kan Dola\u015f\u0131m\u0131 Enfeksiyonlar\u0131na Etkisi<\/td>\n      <td>Havva Akkaya<\/td>\n    <\/tr>\n    <tr>\n      <td >29.Kas.25<\/td>\n      <td >08:55<\/td>\n      <td >09:03<\/td>\n      <td>SS-20<\/td>\n      <td>\u0130leri D\u00fczey Yo\u011fun   Bak\u0131mlarda Terminal Hasta Kabul\u00fcn\u00fcn Art\u0131\u015f\u0131: 9 Y\u0131ll\u0131k G\u00f6zlemsel Kohort ve   Trend Analizi<\/td>\n      <td>Bar\u0131\u015f Y\u0131lmaz<\/td>\n    <\/tr>\n    <tr>\n      <td >29.Kas.25<\/td>\n      <td >09:03<\/td>\n      <td >09:11<\/td>\n      <td>SS-21<\/td>\n      <td>Yo\u011fun bak\u0131mdaki   sepsis hastalar\u0131nda HALP skoru ve mortalite ili\u015fkisi<\/td>\n      <td>Yelda Velio\u011flu Kaya<\/td>\n    <\/tr>\n    <tr>\n      <td rowspan=\"6\">S\u00f6zl\u00fc Bildiriler Oturumu -4<br>\n        08:15-09:15<\/td>\n      <td >29.Kas.25<\/td>\n      <td >08:15<\/td>\n      <td >08:23<\/td>\n      <td>SS-22<\/td>\n      <td>The value of lactate,   albumin, and clinical scores in predicting 28-day mortality in general   surgery intensive care patients: A retrospective cohort study<\/td>\n      <td>Ferhan Demirer   Aydemir<\/td>\n    <\/tr>\n    <tr>\n      <td >29.Kas.25<\/td>\n      <td >08:23<\/td>\n      <td >08:31<\/td>\n      <td>SS-23<\/td>\n      <td>Kritik Hastalarda   Hipoalb\u00fcmineminin Vankomisin Kan D\u00fczeyleri \u00dczerine Etkisinin   De\u011ferlendirilmesi<\/td>\n      <td>\u015eeyda Benligil<\/td>\n    <\/tr>\n    <tr>\n      <td >29.Kas.25<\/td>\n      <td >08:31<\/td>\n      <td >09:39<\/td>\n      <td>SS-24<\/td>\n      <td>Yo\u011fun Bak\u0131m   \u00dcnitesinde Sedatif-Analjezik \u0130la\u00e7 Tedavisi Alan Hastalarda \u0130la\u00e7 Profili,   Polifarmasi ve Klinik Sonu\u00e7lar: Tek Merkezli Pilot \u00c7al\u0131\u015fma<\/td>\n      <td>Erdem Yal\u00e7\u0131nkaya<\/td>\n    <\/tr>\n    <tr>\n      <td >29.Kas.25<\/td>\n      <td >08:39<\/td>\n      <td >08:47<\/td>\n      <td>SS-25<\/td>\n      <td>Medikal Yo\u011fun   Bak\u0131mlarda Uzam\u0131\u015f Yat\u0131\u015f Risk Fakt\u00f6rleri<\/td>\n      <td>Pervin Hanc\u0131<\/td>\n    <\/tr>\n    <tr>\n      <td >29.Kas.25<\/td>\n      <td >08:47<\/td>\n      <td >08:55<\/td>\n      <td>SS-26<\/td>\n      <td>Yo\u011fun Bak\u0131m ve   Palyatif Servis Aras\u0131ndaki Denge: Hastalar\u0131n Ge\u00e7i\u015fini Etkileyen Fakt\u00f6rler<\/td>\n      <td>U\u011fur Can \u0130zlimek<\/td>\n    <\/tr>\n    <tr>\n      <td >29.Kas.25<\/td>\n      <td >08:55<\/td>\n      <td >09:03<\/td>\n      <td>SS-27<\/td>\n      <td>Septi\u0307k   Ensefalopati\u0307li\u0307 Hastalarda Klotho D\u00fczeylerinin Kli\u0307ni\u0307k \u00d6nemi, Tek merkez,   Prospektif \u00c7al\u0131\u015fma<\/td>\n      <td>Abdullah \u0130lik<\/td>\n    <\/tr>\n  <\/table>\n<\/div>\n\n<!-- 22 Kas\u0131m -->\n\n<div style=\"overflow: auto;\"><\/div>\n\n<!-- 23 Kas\u0131m -->\n\n<div style=\"overflow: auto;\"><\/div>\n\n<!-- 24 Kas\u0131m -->\t\t\t\t<\/div>\n\t\t\t\t<\/div>\n\t\t\t\t\t<\/div>\n\t\t\t\t<\/div>\n\t\t\t\t<\/div>","protected":false},"excerpt":{"rendered":"<p>Oturum Bilgisi Sunum Tarihi Sunum Ba\u015flang\u0131\u00e7 Sunum Biti\u015f Sunum No Bildiri Ba\u015fl\u0131\u011f\u0131 Sunan Yazar S\u00f6zl\u00fc Bildiriler Oturumu -1 08:15-09:15 28.Kas.25 08:15 08:23 SS-01 Predicting Cardiovascular Collapse in Critically Ill Patients During Intubation Induction: A Prospective Observational Study \u00d6mer Emgin 28.Kas.25 08:23 08:31 SS-02 Enfeksiyon Kontrol Ekibinin ve Sa\u011fl\u0131k \u00c7al\u0131\u015fanlar\u0131n\u0131n Multi Model Sistemi Hakk\u0131ndaki Alg\u0131lar\u0131: \u00c7ok [&hellip;]<\/p>","protected":false},"author":1,"featured_media":0,"parent":0,"menu_order":0,"comment_status":"closed","ping_status":"closed","template":"","meta":{"footnotes":""},"class_list":["post-942","page","type-page","status-publish","hentry"],"blocksy_meta":{"page_structure_type":"type-4","styles_descriptor":{"styles":{"desktop":"","tablet":"","mobile":""},"google_fonts":[],"version":6}},"_links":{"self":[{"href":"https:\/\/yogunbakim2025.org\/en\/wp-json\/wp\/v2\/pages\/942","targetHints":{"allow":["GET"]}}],"collection":[{"href":"https:\/\/yogunbakim2025.org\/en\/wp-json\/wp\/v2\/pages"}],"about":[{"href":"https:\/\/yogunbakim2025.org\/en\/wp-json\/wp\/v2\/types\/page"}],"author":[{"embeddable":true,"href":"https:\/\/yogunbakim2025.org\/en\/wp-json\/wp\/v2\/users\/1"}],"replies":[{"embeddable":true,"href":"https:\/\/yogunbakim2025.org\/en\/wp-json\/wp\/v2\/comments?post=942"}],"version-history":[{"count":19,"href":"https:\/\/yogunbakim2025.org\/en\/wp-json\/wp\/v2\/pages\/942\/revisions"}],"predecessor-version":[{"id":1660,"href":"https:\/\/yogunbakim2025.org\/en\/wp-json\/wp\/v2\/pages\/942\/revisions\/1660"}],"wp:attachment":[{"href":"https:\/\/yogunbakim2025.org\/en\/wp-json\/wp\/v2\/media?parent=942"}],"curies":[{"name":"wp","href":"https:\/\/api.w.org\/{rel}","templated":true}]}}